{"id":745,"date":"2025-12-18T11:30:54","date_gmt":"2025-12-18T10:30:54","guid":{"rendered":"https:\/\/schillerschule.com\/?page_id=745"},"modified":"2025-12-18T11:30:54","modified_gmt":"2025-12-18T10:30:54","slug":"datenschutzerklaerung","status":"publish","type":"page","link":"https:\/\/schillerschule.com\/?page_id=745","title":{"rendered":"Datenschutzerkl\u00e4rung"},"content":{"rendered":"\n<p>Verantwortliche Stelle im Sinne der Datenschutzgesetze, insbesondere der EU-Datenschutzgrundverordnung (DSGVO), ist:<\/p>\n\n\n\n<p>Herausgeber:<br>Schillerschule \u2013 Schule mit dem F\u00f6rderschwerpunkt Lernen \u2013 (F\u00f6rderschule)<\/p>\n\n\n\n<p>Rektor (komm.): Benedikt-Wiechmann<\/p>\n\n\n\n<p>Rheing\u00f6nheimer Str. 103&nbsp;<br>Postleitzahl: 67065&nbsp;<br>Ort: Ludwigshafen&nbsp;<\/p>\n\n\n\n<p>Email: sfl@schillerschule.com<\/p>\n\n\n\n<p>Telefon: <a href=\"http:\/\/Tel: 0621 504423920\" target=\"_blank\" rel=\"noreferrer noopener\">0621 504423920<\/a>&nbsp;<br>Telefax: 0621 504423997<\/p>\n\n\n\n<p>Soweit bei der Nutzung des Internet-Auftritts der Maximin-Schule Bitburg personenbezogene Daten erhoben, verarbeitet oder genutzt werden, erfolgt dies auf der Basis des Telekommunikation-Digitale-Dienste-Datenschutz-Gesetz\/ TDDDG und erg\u00e4nzender allgemeiner datenschutzrechtlicher Bestimmungen.<br>Falls Sie die M\u00f6glichkeit nutzen, pers\u00f6nliche\/gesch\u00e4ftliche Daten (beispielsweise: Name, Anschrift, Telefonnummer, E-Mail-Adresse) einzugeben, gehen wir davon aus, dass die Angabe freiwillig erfolgt.<br>Aufgrund existierender Unsicherheiten im Internet, weisen wir daraufhin, dass Dritte \u00fcbermittelte Daten abfangen oder ver\u00e4ndern k\u00f6nnen.<\/p>\n\n\n\n<h1 class=\"wp-block-heading\">Ihre Betroffenenrechte<\/h1>\n\n\n\n<p>Unter den angegebenen Kontaktdaten unseres Datenschutzbeauftragten k\u00f6nnen Sie jederzeit folgende Rechte aus\u00fcben:<\/p>\n\n\n\n<ul class=\"wp-block-list\">\n<li>Auskunft \u00fcber Ihre bei uns gespeicherten Daten und deren Verarbeitung,<\/li>\n\n\n\n<li>Berichtigung unrichtiger personenbezogener Daten,<\/li>\n\n\n\n<li>L\u00f6schung Ihrer bei uns gespeicherten Daten,<\/li>\n\n\n\n<li>Einschr\u00e4nkung der Datenverarbeitung, sofern wir Ihre Daten aufgrund gesetzlicher Pflichten noch nicht l\u00f6schen d\u00fcrfen,<\/li>\n\n\n\n<li>Widerspruch gegen die Verarbeitung Ihrer Daten bei uns und<br>Daten\u00fcbertragbarkeit, sofern Sie in die Datenverarbeitung eingewilligt haben oder einen Vertrag mit uns abgeschlossen haben.<\/li>\n<\/ul>\n\n\n\n<p>Sofern Sie uns eine Einwilligung erteilt haben, k\u00f6nnen Sie diese jederzeit mit Wirkung f\u00fcr die Zukunft widerrufen.<\/p>\n\n\n\n<p>Sie k\u00f6nnen sich jederzeit mit einer Beschwerde an die f\u00fcr Sie zust\u00e4ndige Aufsichtsbeh\u00f6rde wenden. Ihre zust\u00e4ndige Aufsichtsbeh\u00f6rde richtet sich nach dem Bundesland Ihres Wohnsitzes, Ihrer Arbeit oder der mutma\u00dflichen Verletzung. Eine Liste der Aufsichtsbeh\u00f6rden (f\u00fcr den nicht\u00f6ffentlichen Bereich) mit Anschrift finden Sie unter: <a href=\"https:\/\/www.bfdi.bund.de\/DE\/Infothek\/Anschriften_Links\/anschriften_links-node.html\" target=\"_blank\" rel=\"noreferrer noopener\">www.bfdi.bund.de\/DE\/Infothek\/Anschriften_Links\/anschriften_links-node.html<\/a>.<\/p>\n\n\n\n<h1 class=\"wp-block-heading\">Zwecke der Datenverarbeitung durch die verantwortliche Stelle und Dritte<\/h1>\n\n\n\n<p>Wir verarbeiten Ihre personenbezogenen Daten nur zu den in dieser Datenschutzerkl\u00e4rung genannten Zwecken. Eine \u00dcbermittlung Ihrer pers\u00f6nlichen Daten an Dritte zu anderen als den genannten Zwecken findet nicht statt. Wir geben Ihre pers\u00f6nlichen Daten nur an Dritte weiter, wenn:<\/p>\n\n\n\n<p>\u2022&nbsp;&nbsp;&nbsp;&nbsp;&nbsp;&nbsp;&nbsp;&nbsp;&nbsp;&nbsp;&nbsp;&nbsp; Sie Ihre ausdr\u00fcckliche Einwilligung dazu erteilt haben,<br>\u2022&nbsp;&nbsp;&nbsp;&nbsp;&nbsp;&nbsp;&nbsp;&nbsp;&nbsp;&nbsp;&nbsp;&nbsp; die Verarbeitung zur Abwicklung eines Vertrags mit Ihnen erforderlich ist,<br>\u2022&nbsp;&nbsp;&nbsp;&nbsp;&nbsp;&nbsp;&nbsp;&nbsp;&nbsp;&nbsp;&nbsp;&nbsp; die Verarbeitung zur Erf\u00fcllung einer rechtlichen Verpflichtung erforderlich ist,<\/p>\n\n\n\n<p>die Verarbeitung zur Wahrung berechtigter Interessen erforderlich ist und kein Grund zur Annahme besteht, dass Sie ein \u00fcberwiegendes schutzw\u00fcrdiges Interesse an der Nichtweitergabe Ihrer Daten haben.<\/p>\n\n\n\n<h1 class=\"wp-block-heading\">L\u00f6schung bzw. Sperrung der Daten<\/h1>\n\n\n\n<p>Wir halten uns an die Grunds\u00e4tze der Datenvermeidung und Datensparsamkeit. Wir speichern Ihre personenbezogenen Daten daher nur so lange, wie dies zur Erreichung der hier genannten Zwecke erforderlich ist oder wie es die vom Gesetzgeber vorgesehenen vielf\u00e4ltigen Speicherfristen vorsehen. Nach Fortfall des jeweiligen Zweckes bzw. Ablauf dieser Fristen werden die entsprechenden Daten routinem\u00e4\u00dfig und entsprechend den gesetzlichen Vorschriften gesperrt oder gel\u00f6scht.<\/p>\n\n\n\n<h1 class=\"wp-block-heading\">Registrierung auf unserer Webseite<\/h1>\n\n\n\n<p>Bei der Registrierung f\u00fcr die Nutzung unserer personalisierten Leistungen werden einige personenbezogene Daten erhoben, wie Name, Anschrift, Kontakt- und Kommunikationsdaten wie Telefonnummer und E-Mail-Adresse. Sind Sie bei uns registriert, k\u00f6nnen Sie auf Inhalte und Leistungen zugreifen, die wir nur registrierten Nutzern anbieten. Angemeldete Nutzer haben zudem die M\u00f6glichkeit, bei Bedarf die bei Registrierung angegebenen Daten jederzeit zu \u00e4ndern oder zu l\u00f6schen. Selbstverst\u00e4ndlich erteilen wir Ihnen dar\u00fcber hinaus jederzeit Auskunft \u00fcber die von uns \u00fcber Sie gespeicherten personenbezogenen Daten. Gerne berichtigen bzw. l\u00f6schen wir diese auch auf Ihren Wunsch, soweit keine gesetzlichen Aufbewahrungspflichten entgegenstehen. Zur Kontaktaufnahme in diesem Zusammenhang nutzen Sie bitte die am Ende dieser Datenschutzerkl\u00e4rung angegebenen Kontaktdaten.<\/p>\n\n\n\n<h1 class=\"wp-block-heading\">Kontaktformular<\/h1>\n\n\n\n<p>Treten Sie bzgl. Fragen jeglicher Art per E-Mail oder Kontaktformular mit uns in Kontakt, erteilen Sie uns zum Zwecke der Kontaktaufnahme Ihre freiwillige Einwilligung. Hierf\u00fcr ist die Angabe einer validen E-Mail-Adresse erforderlich. Diese dient der Zuordnung der Anfrage und der anschlie\u00dfenden Beantwortung derselben. Die Angabe weiterer Daten ist optional. Die von Ihnen gemachten Angaben werden zum Zwecke der Bearbeitung der Anfrage sowie f\u00fcr m\u00f6gliche Anschlussfragen gespeichert. Nach Erledigung der von Ihnen gestellten Anfrage werden personenbezogene Daten automatisch gel\u00f6scht.<\/p>\n\n\n\n<h1 class=\"wp-block-heading\">\u00c4nderung unserer Datenschutzbestimmungen<\/h1>\n\n\n\n<p>Wir behalten uns vor, diese Datenschutzerkl\u00e4rung anzupassen, damit sie stets den aktuellen rechtlichen Anforderungen entspricht oder um \u00c4nderungen unserer Leistungen in der Datenschutzerkl\u00e4rung umzusetzen, z.B. bei der Einf\u00fchrung neuer Services. F\u00fcr Ihren erneuten Besuch gilt dann die neue Datenschutzerkl\u00e4rung.<\/p>\n\n\n\n<h1 class=\"wp-block-heading\">Fragen an den Datenschutzbeauftragten<\/h1>\n\n\n\n<p>Wenn Sie Fragen zum Datenschutz haben, schreiben Sie uns bitte eine E-Mail<\/p>\n","protected":false},"excerpt":{"rendered":"<p>Verantwortliche Stelle im Sinne der Datenschutzgesetze, insbesondere der EU-Datenschutzgrundverordnung (DSGVO), ist: Herausgeber:Schillerschule \u2013 Schule mit dem F\u00f6rderschwerpunkt Lernen \u2013 (F\u00f6rderschule) Rektor (komm.): Benedikt-Wiechmann Rheing\u00f6nheimer Str. 103&nbsp;Postleitzahl: 67065&nbsp;Ort: Ludwigshafen&nbsp; Email: sfl@schillerschule.com Telefon: 0621 504423920&nbsp;Telefax: 0621 504423997 Soweit bei der Nutzung des Internet-Auftritts der Maximin-Schule Bitburg personenbezogene Daten erhoben, verarbeitet oder genutzt werden, erfolgt dies auf der [&hellip;]<\/p>\n","protected":false},"author":2,"featured_media":0,"parent":0,"menu_order":0,"comment_status":"closed","ping_status":"closed","template":"","meta":{"footnotes":""},"class_list":["post-745","page","type-page","status-publish","hentry"],"yoast_head":"<!-- This site is optimized with the Yoast SEO plugin v26.7 - https:\/\/yoast.com\/wordpress\/plugins\/seo\/ -->\n<title>Datenschutzerkl\u00e4rung -<\/title>\n<meta name=\"robots\" content=\"index, follow, max-snippet:-1, max-image-preview:large, max-video-preview:-1\" \/>\n<link rel=\"canonical\" href=\"https:\/\/schillerschule.com\/?page_id=745\" \/>\n<meta property=\"og:locale\" content=\"de_DE\" \/>\n<meta property=\"og:type\" content=\"article\" \/>\n<meta property=\"og:title\" content=\"Datenschutzerkl\u00e4rung -\" \/>\n<meta property=\"og:description\" content=\"Verantwortliche Stelle im Sinne der Datenschutzgesetze, insbesondere der EU-Datenschutzgrundverordnung (DSGVO), ist: Herausgeber:Schillerschule \u2013 Schule mit dem F\u00f6rderschwerpunkt Lernen \u2013 (F\u00f6rderschule) Rektor (komm.): Benedikt-Wiechmann Rheing\u00f6nheimer Str. 103&nbsp;Postleitzahl: 67065&nbsp;Ort: Ludwigshafen&nbsp; Email: sfl@schillerschule.com Telefon: 0621 504423920&nbsp;Telefax: 0621 504423997 Soweit bei der Nutzung des Internet-Auftritts der Maximin-Schule Bitburg personenbezogene Daten erhoben, verarbeitet oder genutzt werden, erfolgt dies auf der [&hellip;]\" \/>\n<meta property=\"og:url\" content=\"https:\/\/schillerschule.com\/?page_id=745\" \/>\n<meta name=\"twitter:card\" content=\"summary_large_image\" \/>\n<meta name=\"twitter:label1\" content=\"Gesch\u00e4tzte Lesezeit\" \/>\n\t<meta name=\"twitter:data1\" content=\"4\u00a0Minuten\" \/>\n<script type=\"application\/ld+json\" class=\"yoast-schema-graph\">{\"@context\":\"https:\/\/schema.org\",\"@graph\":[{\"@type\":\"WebPage\",\"@id\":\"https:\/\/schillerschule.com\/?page_id=745\",\"url\":\"https:\/\/schillerschule.com\/?page_id=745\",\"name\":\"Datenschutzerkl\u00e4rung -\",\"isPartOf\":{\"@id\":\"https:\/\/schillerschule.com\/#website\"},\"datePublished\":\"2025-12-18T10:30:54+00:00\",\"breadcrumb\":{\"@id\":\"https:\/\/schillerschule.com\/?page_id=745#breadcrumb\"},\"inLanguage\":\"de\",\"potentialAction\":[{\"@type\":\"ReadAction\",\"target\":[\"https:\/\/schillerschule.com\/?page_id=745\"]}]},{\"@type\":\"BreadcrumbList\",\"@id\":\"https:\/\/schillerschule.com\/?page_id=745#breadcrumb\",\"itemListElement\":[{\"@type\":\"ListItem\",\"position\":1,\"name\":\"Startseite\",\"item\":\"https:\/\/schillerschule.com\/\"},{\"@type\":\"ListItem\",\"position\":2,\"name\":\"Datenschutzerkl\u00e4rung\"}]},{\"@type\":\"WebSite\",\"@id\":\"https:\/\/schillerschule.com\/#website\",\"url\":\"https:\/\/schillerschule.com\/\",\"name\":\"\",\"description\":\"\",\"potentialAction\":[{\"@type\":\"SearchAction\",\"target\":{\"@type\":\"EntryPoint\",\"urlTemplate\":\"https:\/\/schillerschule.com\/?s={search_term_string}\"},\"query-input\":{\"@type\":\"PropertyValueSpecification\",\"valueRequired\":true,\"valueName\":\"search_term_string\"}}],\"inLanguage\":\"de\"}]}<\/script>\n<!-- \/ Yoast SEO plugin. -->","yoast_head_json":{"title":"Datenschutzerkl\u00e4rung -","robots":{"index":"index","follow":"follow","max-snippet":"max-snippet:-1","max-image-preview":"max-image-preview:large","max-video-preview":"max-video-preview:-1"},"canonical":"https:\/\/schillerschule.com\/?page_id=745","og_locale":"de_DE","og_type":"article","og_title":"Datenschutzerkl\u00e4rung -","og_description":"Verantwortliche Stelle im Sinne der Datenschutzgesetze, insbesondere der EU-Datenschutzgrundverordnung (DSGVO), ist: Herausgeber:Schillerschule \u2013 Schule mit dem F\u00f6rderschwerpunkt Lernen \u2013 (F\u00f6rderschule) Rektor (komm.): Benedikt-Wiechmann Rheing\u00f6nheimer Str. 103&nbsp;Postleitzahl: 67065&nbsp;Ort: Ludwigshafen&nbsp; Email: sfl@schillerschule.com Telefon: 0621 504423920&nbsp;Telefax: 0621 504423997 Soweit bei der Nutzung des Internet-Auftritts der Maximin-Schule Bitburg personenbezogene Daten erhoben, verarbeitet oder genutzt werden, erfolgt dies auf der [&hellip;]","og_url":"https:\/\/schillerschule.com\/?page_id=745","twitter_card":"summary_large_image","twitter_misc":{"Gesch\u00e4tzte Lesezeit":"4\u00a0Minuten"},"schema":{"@context":"https:\/\/schema.org","@graph":[{"@type":"WebPage","@id":"https:\/\/schillerschule.com\/?page_id=745","url":"https:\/\/schillerschule.com\/?page_id=745","name":"Datenschutzerkl\u00e4rung -","isPartOf":{"@id":"https:\/\/schillerschule.com\/#website"},"datePublished":"2025-12-18T10:30:54+00:00","breadcrumb":{"@id":"https:\/\/schillerschule.com\/?page_id=745#breadcrumb"},"inLanguage":"de","potentialAction":[{"@type":"ReadAction","target":["https:\/\/schillerschule.com\/?page_id=745"]}]},{"@type":"BreadcrumbList","@id":"https:\/\/schillerschule.com\/?page_id=745#breadcrumb","itemListElement":[{"@type":"ListItem","position":1,"name":"Startseite","item":"https:\/\/schillerschule.com\/"},{"@type":"ListItem","position":2,"name":"Datenschutzerkl\u00e4rung"}]},{"@type":"WebSite","@id":"https:\/\/schillerschule.com\/#website","url":"https:\/\/schillerschule.com\/","name":"","description":"","potentialAction":[{"@type":"SearchAction","target":{"@type":"EntryPoint","urlTemplate":"https:\/\/schillerschule.com\/?s={search_term_string}"},"query-input":{"@type":"PropertyValueSpecification","valueRequired":true,"valueName":"search_term_string"}}],"inLanguage":"de"}]}},"_links":{"self":[{"href":"https:\/\/schillerschule.com\/index.php?rest_route=\/wp\/v2\/pages\/745","targetHints":{"allow":["GET"]}}],"collection":[{"href":"https:\/\/schillerschule.com\/index.php?rest_route=\/wp\/v2\/pages"}],"about":[{"href":"https:\/\/schillerschule.com\/index.php?rest_route=\/wp\/v2\/types\/page"}],"author":[{"embeddable":true,"href":"https:\/\/schillerschule.com\/index.php?rest_route=\/wp\/v2\/users\/2"}],"replies":[{"embeddable":true,"href":"https:\/\/schillerschule.com\/index.php?rest_route=%2Fwp%2Fv2%2Fcomments&post=745"}],"version-history":[{"count":1,"href":"https:\/\/schillerschule.com\/index.php?rest_route=\/wp\/v2\/pages\/745\/revisions"}],"predecessor-version":[{"id":752,"href":"https:\/\/schillerschule.com\/index.php?rest_route=\/wp\/v2\/pages\/745\/revisions\/752"}],"wp:attachment":[{"href":"https:\/\/schillerschule.com\/index.php?rest_route=%2Fwp%2Fv2%2Fmedia&parent=745"}],"curies":[{"name":"wp","href":"https:\/\/api.w.org\/{rel}","templated":true}]}}