{"id":38,"date":"2023-09-20T19:08:58","date_gmt":"2023-09-20T17:08:58","guid":{"rendered":"https:\/\/schillerschule.com\/?page_id=38"},"modified":"2025-12-18T19:55:59","modified_gmt":"2025-12-18T18:55:59","slug":"kontakt","status":"publish","type":"page","link":"https:\/\/schillerschule.com\/?page_id=38","title":{"rendered":"Kontakt"},"content":{"rendered":"\t\t<div data-elementor-type=\"wp-page\" data-elementor-id=\"38\" class=\"elementor elementor-38\">\n\t\t\t\t<div class=\"elementor-element elementor-element-2a52bfa4 e-con-full e-flex e-con e-parent\" data-id=\"2a52bfa4\" data-element_type=\"container\" data-e-type=\"container\">\n\t\t\t\t<div class=\"elementor-element elementor-element-7d225fba elementor-widget elementor-widget-image-carousel\" data-id=\"7d225fba\" data-element_type=\"widget\" data-e-type=\"widget\" data-settings=\"{&quot;slides_to_show&quot;:&quot;1&quot;,&quot;navigation&quot;:&quot;none&quot;,&quot;autoplay&quot;:&quot;yes&quot;,&quot;pause_on_hover&quot;:&quot;yes&quot;,&quot;pause_on_interaction&quot;:&quot;yes&quot;,&quot;autoplay_speed&quot;:5000,&quot;infinite&quot;:&quot;yes&quot;,&quot;effect&quot;:&quot;slide&quot;,&quot;speed&quot;:500}\" data-widget_type=\"image-carousel.default\">\n\t\t\t\t<div class=\"elementor-widget-container\">\n\t\t\t\t\t\t\t<div class=\"elementor-image-carousel-wrapper swiper\" role=\"region\" aria-roledescription=\"carousel\" aria-label=\"Bild Karussell\" dir=\"ltr\">\n\t\t\t<div class=\"elementor-image-carousel swiper-wrapper\" aria-live=\"off\">\n\t\t\t\t\t\t\t\t<div class=\"swiper-slide\" role=\"group\" aria-roledescription=\"slide\" aria-label=\"1 von 2\"><figure class=\"swiper-slide-inner\"><img decoding=\"async\" class=\"swiper-slide-image\" src=\"https:\/\/schillerschule.com\/wp-content\/uploads\/2025\/12\/M4.jpg\" alt=\"M4\" \/><\/figure><\/div><div class=\"swiper-slide\" role=\"group\" aria-roledescription=\"slide\" aria-label=\"2 von 2\"><figure class=\"swiper-slide-inner\"><img decoding=\"async\" class=\"swiper-slide-image\" src=\"https:\/\/schillerschule.com\/wp-content\/uploads\/2025\/12\/M1.jpg\" alt=\"M1\" \/><\/figure><\/div>\t\t\t<\/div>\n\t\t\t\t\t\t\t\n\t\t\t\t\t\t\t\t\t<\/div>\n\t\t\t\t\t\t<\/div>\n\t\t\t\t<\/div>\n\t\t\t\t<\/div>\n\t\t<div class=\"elementor-element elementor-element-76955e05 e-flex e-con-boxed e-con e-parent\" data-id=\"76955e05\" data-element_type=\"container\" data-e-type=\"container\">\n\t\t\t\t\t<div class=\"e-con-inner\">\n\t\t\t\t<div class=\"elementor-element elementor-element-57c11cd elementor-widget elementor-widget-heading\" data-id=\"57c11cd\" data-element_type=\"widget\" data-e-type=\"widget\" data-widget_type=\"heading.default\">\n\t\t\t\t<div class=\"elementor-widget-container\">\n\t\t\t\t\t<h2 class=\"elementor-heading-title elementor-size-default\">Kontakt<\/h2>\t\t\t\t<\/div>\n\t\t\t\t<\/div>\n\t\t\t\t\t<\/div>\n\t\t\t\t<\/div>\n\t\t<div class=\"elementor-element elementor-element-1e49c9f e-flex e-con-boxed e-con e-parent\" data-id=\"1e49c9f\" data-element_type=\"container\" data-e-type=\"container\">\n\t\t\t\t\t<div class=\"e-con-inner\">\n\t\t<div class=\"elementor-element elementor-element-eeda4e5 e-con-full e-flex e-con e-child\" data-id=\"eeda4e5\" data-element_type=\"container\" data-e-type=\"container\">\n\t\t\t\t<div class=\"elementor-element elementor-element-365bbc4 elementor-widget elementor-widget-text-editor\" data-id=\"365bbc4\" data-element_type=\"widget\" data-e-type=\"widget\" data-widget_type=\"text-editor.default\">\n\t\t\t\t<div class=\"elementor-widget-container\">\n\t\t\t\t\t\t\t\t\t<p>Herausgeber:<br>Schillerschule &#8211; Schule mit dem F\u00f6rderschwerpunkt Lernen &#8211; (F\u00f6rderschule)<\/p>\n<p>Rektor (komm.): Benedikt-Wiechmann<\/p>\n<p>Rheing\u00f6nheimer Str. 103&nbsp;<br>Postleitzahl: 67065&nbsp;<br>Ort: Ludwigshafen&nbsp;<\/p>\n<p>Email: sfl@schillerschule.com<\/p>\n<p>Telefon: <a href=\"http:\/\/Tel: 0621 504423920\" target=\"_blank\" rel=\"noopener\" data-wplink-url-error=\"true\">0621 504423920<\/a>&nbsp;<br>Telefax: 0621 504423997<\/p>\t\t\t\t\t\t\t\t<\/div>\n\t\t\t\t<\/div>\n\t\t\t\t<\/div>\n\t\t<div class=\"elementor-element elementor-element-86fcf4e e-con-full e-flex e-con e-child\" data-id=\"86fcf4e\" data-element_type=\"container\" data-e-type=\"container\">\n\t\t\t\t<div class=\"elementor-element elementor-element-f16be29 elementor-widget elementor-widget-text-editor\" data-id=\"f16be29\" data-element_type=\"widget\" data-e-type=\"widget\" data-widget_type=\"text-editor.default\">\n\t\t\t\t<div class=\"elementor-widget-container\">\n\t\t\t\t\t\t\t\t\t<p><span style=\"color: var( --e-global-color-text ); font-family: var( --e-global-typography-text-font-family ), Sans-serif; text-align: var(--text-align);\">Aufsichtsbeh\u00f6rde:&nbsp;<\/span><\/p>\n<p><span style=\"color: var( --e-global-color-text ); font-family: var( --e-global-typography-text-font-family ), Sans-serif; text-align: var(--text-align);\">Aufsichts- und Dienstleistungsdirektion Trier (ADD)<\/span><\/p>\n<p>Willy-Brandt-Platz 3<br>D-54290 Trier<\/p>\n<p><a href=\"https:\/\/add.rlp.de\">https:\/\/add.rlp.de<\/a><\/p>\n<p>F\u00fcr den Inhalt verantwortlich gem.<\/p>\n<p>\u00a7 18 Abs. 2 MStV:<\/p>\n<p><span style=\"font-family: var( --e-global-typography-text-font-family ), Sans-serif; text-align: var(--text-align);\">Rheing\u00f6nheimerstr. 103<\/span>&nbsp;<br><\/p>\n<p>67065 Ludwigshafen<\/p>\t\t\t\t\t\t\t\t<\/div>\n\t\t\t\t<\/div>\n\t\t\t\t<\/div>\n\t\t\t\t\t<\/div>\n\t\t\t\t<\/div>\n\t\t<div class=\"elementor-element elementor-element-4b5c98d e-flex e-con-boxed e-con e-parent\" data-id=\"4b5c98d\" data-element_type=\"container\" data-e-type=\"container\">\n\t\t\t\t\t<div class=\"e-con-inner\">\n\t\t\t\t<div class=\"elementor-element elementor-element-96d71f9 elementor-widget elementor-widget-shortcode\" data-id=\"96d71f9\" data-element_type=\"widget\" data-e-type=\"widget\" data-widget_type=\"shortcode.default\">\n\t\t\t\t<div class=\"elementor-widget-container\">\n\t\t\t\t\t\t\t<div class=\"elementor-shortcode\">\n<div class=\"wpcf7 no-js\" id=\"wpcf7-f822-o1\" lang=\"de-DE\" dir=\"ltr\" data-wpcf7-id=\"822\">\n<div class=\"screen-reader-response\"><p role=\"status\" aria-live=\"polite\" aria-atomic=\"true\"><\/p> <ul><\/ul><\/div>\n<form action=\"\/index.php?rest_route=%2Fwp%2Fv2%2Fpages%2F38#wpcf7-f822-o1\" method=\"post\" class=\"wpcf7-form init\" aria-label=\"Kontaktformular\" novalidate=\"novalidate\" data-status=\"init\">\n<fieldset class=\"hidden-fields-container\"><input type=\"hidden\" name=\"_wpcf7\" value=\"822\" \/><input type=\"hidden\" name=\"_wpcf7_version\" value=\"6.1.4\" \/><input type=\"hidden\" name=\"_wpcf7_locale\" value=\"de_DE\" \/><input type=\"hidden\" name=\"_wpcf7_unit_tag\" value=\"wpcf7-f822-o1\" \/><input type=\"hidden\" name=\"_wpcf7_container_post\" value=\"0\" \/><input type=\"hidden\" name=\"_wpcf7_posted_data_hash\" value=\"\" \/>\n<\/fieldset>\n<p><label> Dein Name<br \/>\n<span class=\"wpcf7-form-control-wrap\" data-name=\"your-name\"><input size=\"40\" maxlength=\"400\" class=\"wpcf7-form-control wpcf7-text wpcf7-validates-as-required\" autocomplete=\"name\" aria-required=\"true\" aria-invalid=\"false\" value=\"\" type=\"text\" name=\"your-name\" \/><\/span> <\/label>\n<\/p>\n<p><label> Deine E-Mail-Adresse<br \/>\n<span class=\"wpcf7-form-control-wrap\" data-name=\"your-email\"><input size=\"40\" maxlength=\"400\" class=\"wpcf7-form-control wpcf7-email wpcf7-validates-as-required wpcf7-text wpcf7-validates-as-email\" autocomplete=\"email\" aria-required=\"true\" aria-invalid=\"false\" value=\"\" type=\"email\" name=\"your-email\" \/><\/span> <\/label>\n<\/p>\n<p><label> Betreff<br \/>\n<span class=\"wpcf7-form-control-wrap\" data-name=\"your-subject\"><input size=\"40\" maxlength=\"400\" class=\"wpcf7-form-control wpcf7-text wpcf7-validates-as-required\" aria-required=\"true\" aria-invalid=\"false\" value=\"\" type=\"text\" name=\"your-subject\" \/><\/span> <\/label>\n<\/p>\n<p><label> Deine Nachricht (optional)<br \/>\n<span class=\"wpcf7-form-control-wrap\" data-name=\"your-message\"><textarea cols=\"40\" rows=\"10\" maxlength=\"2000\" class=\"wpcf7-form-control wpcf7-textarea\" aria-invalid=\"false\" name=\"your-message\"><\/textarea><\/span> <\/label>\n<\/p>\n<p><input class=\"wpcf7-form-control wpcf7-submit has-spinner\" type=\"submit\" value=\"Senden\" \/>\n<\/p><div class=\"wpcf7-response-output\" aria-hidden=\"true\"><\/div>\n<\/form>\n<\/div>\n<\/div>\n\t\t\t\t\t\t<\/div>\n\t\t\t\t<\/div>\n\t\t\t\t\t<\/div>\n\t\t\t\t<\/div>\n\t\t\t\t<\/div>\n\t\t","protected":false},"excerpt":{"rendered":"<p>Kontakt Herausgeber:Schillerschule &#8211; Schule mit dem F\u00f6rderschwerpunkt Lernen &#8211; (F\u00f6rderschule) Rektor (komm.): Benedikt-Wiechmann Rheing\u00f6nheimer Str. 103&nbsp;Postleitzahl: 67065&nbsp;Ort: Ludwigshafen&nbsp; Email: sfl@schillerschule.com Telefon: 0621 504423920&nbsp;Telefax: 0621 504423997 Aufsichtsbeh\u00f6rde:&nbsp; Aufsichts- und Dienstleistungsdirektion Trier (ADD) Willy-Brandt-Platz 3D-54290 Trier https:\/\/add.rlp.de F\u00fcr den Inhalt verantwortlich gem. \u00a7 18 Abs. 2 MStV: Rheing\u00f6nheimerstr. 103&nbsp; 67065 Ludwigshafen<\/p>\n","protected":false},"author":1,"featured_media":0,"parent":0,"menu_order":0,"comment_status":"closed","ping_status":"closed","template":"elementor_header_footer","meta":{"footnotes":""},"class_list":["post-38","page","type-page","status-publish","hentry"],"yoast_head":"<!-- This site is optimized with the Yoast SEO plugin v26.7 - https:\/\/yoast.com\/wordpress\/plugins\/seo\/ -->\n<title>Kontakt -<\/title>\n<meta name=\"robots\" content=\"index, follow, max-snippet:-1, max-image-preview:large, max-video-preview:-1\" \/>\n<link rel=\"canonical\" href=\"https:\/\/schillerschule.com\/?page_id=38\" \/>\n<meta property=\"og:locale\" content=\"de_DE\" \/>\n<meta property=\"og:type\" content=\"article\" \/>\n<meta property=\"og:title\" content=\"Kontakt -\" \/>\n<meta property=\"og:description\" content=\"Kontakt Herausgeber:Schillerschule &#8211; Schule mit dem F\u00f6rderschwerpunkt Lernen &#8211; (F\u00f6rderschule) Rektor (komm.): Benedikt-Wiechmann Rheing\u00f6nheimer Str. 103&nbsp;Postleitzahl: 67065&nbsp;Ort: Ludwigshafen&nbsp; Email: sfl@schillerschule.com Telefon: 0621 504423920&nbsp;Telefax: 0621 504423997 Aufsichtsbeh\u00f6rde:&nbsp; Aufsichts- und Dienstleistungsdirektion Trier (ADD) Willy-Brandt-Platz 3D-54290 Trier https:\/\/add.rlp.de F\u00fcr den Inhalt verantwortlich gem. \u00a7 18 Abs. 2 MStV: Rheing\u00f6nheimerstr. 103&nbsp; 67065 Ludwigshafen\" \/>\n<meta property=\"og:url\" content=\"https:\/\/schillerschule.com\/?page_id=38\" \/>\n<meta property=\"article:modified_time\" content=\"2025-12-18T18:55:59+00:00\" \/>\n<meta property=\"og:image\" content=\"https:\/\/schillerschule.com\/wp-content\/uploads\/2025\/12\/M4.jpg\" \/>\n<meta name=\"twitter:card\" content=\"summary_large_image\" \/>\n<meta name=\"twitter:label1\" content=\"Gesch\u00e4tzte Lesezeit\" \/>\n\t<meta name=\"twitter:data1\" content=\"2\u00a0Minuten\" \/>\n<script type=\"application\/ld+json\" class=\"yoast-schema-graph\">{\"@context\":\"https:\/\/schema.org\",\"@graph\":[{\"@type\":\"WebPage\",\"@id\":\"https:\/\/schillerschule.com\/?page_id=38\",\"url\":\"https:\/\/schillerschule.com\/?page_id=38\",\"name\":\"Kontakt -\",\"isPartOf\":{\"@id\":\"https:\/\/schillerschule.com\/#website\"},\"primaryImageOfPage\":{\"@id\":\"https:\/\/schillerschule.com\/?page_id=38#primaryimage\"},\"image\":{\"@id\":\"https:\/\/schillerschule.com\/?page_id=38#primaryimage\"},\"thumbnailUrl\":\"https:\/\/schillerschule.com\/wp-content\/uploads\/2025\/12\/M4.jpg\",\"datePublished\":\"2023-09-20T17:08:58+00:00\",\"dateModified\":\"2025-12-18T18:55:59+00:00\",\"breadcrumb\":{\"@id\":\"https:\/\/schillerschule.com\/?page_id=38#breadcrumb\"},\"inLanguage\":\"de\",\"potentialAction\":[{\"@type\":\"ReadAction\",\"target\":[\"https:\/\/schillerschule.com\/?page_id=38\"]}]},{\"@type\":\"ImageObject\",\"inLanguage\":\"de\",\"@id\":\"https:\/\/schillerschule.com\/?page_id=38#primaryimage\",\"url\":\"https:\/\/schillerschule.com\/wp-content\/uploads\/2025\/12\/M4.jpg\",\"contentUrl\":\"https:\/\/schillerschule.com\/wp-content\/uploads\/2025\/12\/M4.jpg\",\"width\":1920,\"height\":266},{\"@type\":\"BreadcrumbList\",\"@id\":\"https:\/\/schillerschule.com\/?page_id=38#breadcrumb\",\"itemListElement\":[{\"@type\":\"ListItem\",\"position\":1,\"name\":\"Startseite\",\"item\":\"https:\/\/schillerschule.com\/\"},{\"@type\":\"ListItem\",\"position\":2,\"name\":\"Kontakt\"}]},{\"@type\":\"WebSite\",\"@id\":\"https:\/\/schillerschule.com\/#website\",\"url\":\"https:\/\/schillerschule.com\/\",\"name\":\"\",\"description\":\"\",\"potentialAction\":[{\"@type\":\"SearchAction\",\"target\":{\"@type\":\"EntryPoint\",\"urlTemplate\":\"https:\/\/schillerschule.com\/?s={search_term_string}\"},\"query-input\":{\"@type\":\"PropertyValueSpecification\",\"valueRequired\":true,\"valueName\":\"search_term_string\"}}],\"inLanguage\":\"de\"}]}<\/script>\n<!-- \/ Yoast SEO plugin. -->","yoast_head_json":{"title":"Kontakt -","robots":{"index":"index","follow":"follow","max-snippet":"max-snippet:-1","max-image-preview":"max-image-preview:large","max-video-preview":"max-video-preview:-1"},"canonical":"https:\/\/schillerschule.com\/?page_id=38","og_locale":"de_DE","og_type":"article","og_title":"Kontakt -","og_description":"Kontakt Herausgeber:Schillerschule &#8211; Schule mit dem F\u00f6rderschwerpunkt Lernen &#8211; (F\u00f6rderschule) Rektor (komm.): Benedikt-Wiechmann Rheing\u00f6nheimer Str. 103&nbsp;Postleitzahl: 67065&nbsp;Ort: Ludwigshafen&nbsp; Email: sfl@schillerschule.com Telefon: 0621 504423920&nbsp;Telefax: 0621 504423997 Aufsichtsbeh\u00f6rde:&nbsp; Aufsichts- und Dienstleistungsdirektion Trier (ADD) Willy-Brandt-Platz 3D-54290 Trier https:\/\/add.rlp.de F\u00fcr den Inhalt verantwortlich gem. \u00a7 18 Abs. 2 MStV: Rheing\u00f6nheimerstr. 103&nbsp; 67065 Ludwigshafen","og_url":"https:\/\/schillerschule.com\/?page_id=38","article_modified_time":"2025-12-18T18:55:59+00:00","og_image":[{"url":"https:\/\/schillerschule.com\/wp-content\/uploads\/2025\/12\/M4.jpg","type":"","width":"","height":""}],"twitter_card":"summary_large_image","twitter_misc":{"Gesch\u00e4tzte Lesezeit":"2\u00a0Minuten"},"schema":{"@context":"https:\/\/schema.org","@graph":[{"@type":"WebPage","@id":"https:\/\/schillerschule.com\/?page_id=38","url":"https:\/\/schillerschule.com\/?page_id=38","name":"Kontakt -","isPartOf":{"@id":"https:\/\/schillerschule.com\/#website"},"primaryImageOfPage":{"@id":"https:\/\/schillerschule.com\/?page_id=38#primaryimage"},"image":{"@id":"https:\/\/schillerschule.com\/?page_id=38#primaryimage"},"thumbnailUrl":"https:\/\/schillerschule.com\/wp-content\/uploads\/2025\/12\/M4.jpg","datePublished":"2023-09-20T17:08:58+00:00","dateModified":"2025-12-18T18:55:59+00:00","breadcrumb":{"@id":"https:\/\/schillerschule.com\/?page_id=38#breadcrumb"},"inLanguage":"de","potentialAction":[{"@type":"ReadAction","target":["https:\/\/schillerschule.com\/?page_id=38"]}]},{"@type":"ImageObject","inLanguage":"de","@id":"https:\/\/schillerschule.com\/?page_id=38#primaryimage","url":"https:\/\/schillerschule.com\/wp-content\/uploads\/2025\/12\/M4.jpg","contentUrl":"https:\/\/schillerschule.com\/wp-content\/uploads\/2025\/12\/M4.jpg","width":1920,"height":266},{"@type":"BreadcrumbList","@id":"https:\/\/schillerschule.com\/?page_id=38#breadcrumb","itemListElement":[{"@type":"ListItem","position":1,"name":"Startseite","item":"https:\/\/schillerschule.com\/"},{"@type":"ListItem","position":2,"name":"Kontakt"}]},{"@type":"WebSite","@id":"https:\/\/schillerschule.com\/#website","url":"https:\/\/schillerschule.com\/","name":"","description":"","potentialAction":[{"@type":"SearchAction","target":{"@type":"EntryPoint","urlTemplate":"https:\/\/schillerschule.com\/?s={search_term_string}"},"query-input":{"@type":"PropertyValueSpecification","valueRequired":true,"valueName":"search_term_string"}}],"inLanguage":"de"}]}},"_links":{"self":[{"href":"https:\/\/schillerschule.com\/index.php?rest_route=\/wp\/v2\/pages\/38","targetHints":{"allow":["GET"]}}],"collection":[{"href":"https:\/\/schillerschule.com\/index.php?rest_route=\/wp\/v2\/pages"}],"about":[{"href":"https:\/\/schillerschule.com\/index.php?rest_route=\/wp\/v2\/types\/page"}],"author":[{"embeddable":true,"href":"https:\/\/schillerschule.com\/index.php?rest_route=\/wp\/v2\/users\/1"}],"replies":[{"embeddable":true,"href":"https:\/\/schillerschule.com\/index.php?rest_route=%2Fwp%2Fv2%2Fcomments&post=38"}],"version-history":[{"count":29,"href":"https:\/\/schillerschule.com\/index.php?rest_route=\/wp\/v2\/pages\/38\/revisions"}],"predecessor-version":[{"id":827,"href":"https:\/\/schillerschule.com\/index.php?rest_route=\/wp\/v2\/pages\/38\/revisions\/827"}],"wp:attachment":[{"href":"https:\/\/schillerschule.com\/index.php?rest_route=%2Fwp%2Fv2%2Fmedia&parent=38"}],"curies":[{"name":"wp","href":"https:\/\/api.w.org\/{rel}","templated":true}]}}