{"id":36,"date":"2023-09-20T19:08:46","date_gmt":"2023-09-20T17:08:46","guid":{"rendered":"https:\/\/schillerschule.com\/?page_id=36"},"modified":"2025-12-18T19:02:51","modified_gmt":"2025-12-18T18:02:51","slug":"ifo","status":"publish","type":"page","link":"https:\/\/schillerschule.com\/?page_id=36","title":{"rendered":"IF\u00d6"},"content":{"rendered":"\t\t<div data-elementor-type=\"wp-page\" data-elementor-id=\"36\" class=\"elementor elementor-36\">\n\t\t\t\t<div class=\"elementor-element elementor-element-163bc7b4 e-con-full e-flex e-con e-parent\" data-id=\"163bc7b4\" data-element_type=\"container\" data-e-type=\"container\">\n\t\t\t\t<div class=\"elementor-element elementor-element-53e4d889 elementor-widget elementor-widget-image-carousel\" data-id=\"53e4d889\" data-element_type=\"widget\" data-e-type=\"widget\" data-settings=\"{&quot;slides_to_show&quot;:&quot;1&quot;,&quot;navigation&quot;:&quot;none&quot;,&quot;autoplay&quot;:&quot;yes&quot;,&quot;pause_on_hover&quot;:&quot;yes&quot;,&quot;pause_on_interaction&quot;:&quot;yes&quot;,&quot;autoplay_speed&quot;:5000,&quot;infinite&quot;:&quot;yes&quot;,&quot;effect&quot;:&quot;slide&quot;,&quot;speed&quot;:500}\" data-widget_type=\"image-carousel.default\">\n\t\t\t\t<div class=\"elementor-widget-container\">\n\t\t\t\t\t\t\t<div class=\"elementor-image-carousel-wrapper swiper\" role=\"region\" aria-roledescription=\"carousel\" aria-label=\"Bild Karussell\" dir=\"ltr\">\n\t\t\t<div class=\"elementor-image-carousel swiper-wrapper\" aria-live=\"off\">\n\t\t\t\t\t\t\t\t<div class=\"swiper-slide\" role=\"group\" aria-roledescription=\"slide\" aria-label=\"1 von 2\"><figure class=\"swiper-slide-inner\"><img decoding=\"async\" class=\"swiper-slide-image\" src=\"https:\/\/schillerschule.com\/wp-content\/uploads\/2025\/12\/M3.jpg\" alt=\"M3\" \/><\/figure><\/div><div class=\"swiper-slide\" role=\"group\" aria-roledescription=\"slide\" aria-label=\"2 von 2\"><figure class=\"swiper-slide-inner\"><img decoding=\"async\" class=\"swiper-slide-image\" src=\"https:\/\/schillerschule.com\/wp-content\/uploads\/2025\/12\/M2.jpg\" alt=\"M2\" \/><\/figure><\/div>\t\t\t<\/div>\n\t\t\t\t\t\t\t\n\t\t\t\t\t\t\t\t\t<\/div>\n\t\t\t\t\t\t<\/div>\n\t\t\t\t<\/div>\n\t\t\t\t<\/div>\n\t\t<div class=\"elementor-element elementor-element-5eebbca e-flex e-con-boxed e-con e-parent\" data-id=\"5eebbca\" data-element_type=\"container\" data-e-type=\"container\">\n\t\t\t\t\t<div class=\"e-con-inner\">\n\t\t\t\t<div class=\"elementor-element elementor-element-6e1babf6 elementor-widget elementor-widget-heading\" data-id=\"6e1babf6\" data-element_type=\"widget\" data-e-type=\"widget\" data-widget_type=\"heading.default\">\n\t\t\t\t<div class=\"elementor-widget-container\">\n\t\t\t\t\t<h2 class=\"elementor-heading-title elementor-size-default\">Integrierte F\u00f6rderung (IF\u00d6)<\/h2>\t\t\t\t<\/div>\n\t\t\t\t<\/div>\n\t\t\t\t\t<\/div>\n\t\t\t\t<\/div>\n\t\t<div class=\"elementor-element elementor-element-50015c9 e-flex e-con-boxed e-con e-parent\" data-id=\"50015c9\" data-element_type=\"container\" data-e-type=\"container\">\n\t\t\t\t\t<div class=\"e-con-inner\">\n\t\t\t\t<div class=\"elementor-element elementor-element-cf558d1 elementor-widget__width-initial elementor-widget elementor-widget-text-editor\" data-id=\"cf558d1\" data-element_type=\"widget\" data-e-type=\"widget\" data-widget_type=\"text-editor.default\">\n\t\t\t\t<div class=\"elementor-widget-container\">\n\t\t\t\t\t\t\t\t\t<p style=\"text-align: left;\">Im Rahmen der Integrierten F\u00f6rderung nach \u00a728 GSchO bringen wir in Grundschulen unsere f\u00f6rderp\u00e4dagogischen Konzepte ein. Aktuell sind 4 F\u00f6rderschulkolleginnen an den 8 Grundschulen unseres Einzugsgebietes mit unterschiedlicher Stundenanzahl im Einsatz. Vor Ort geh\u00f6ren sowohl die Beratung der Grundschullehrkr\u00e4fte in Bezug auf Auswahl geeigneter Unterrichtsmaterialien und das Erstellen von F\u00f6rderpl\u00e4nen, wie auch das gemeinsame Unterrichten im Klassenverband und die intensive F\u00f6rderung von einzelnen Sch\u00fcler:innen in kleinen Gruppen zum Aufgabengebiet. Bei Bedarf unterst\u00fctzen wir die Grundschulkollegen:innen bei Elterngespr\u00e4chen und stehen bei Fragen zur Diagnostik von Lernschw\u00e4chen und zum Ablauf des sonderp\u00e4dagogischen F\u00f6rdergutachtens zur Verf\u00fcgung.<\/p><p>Zu den Grundschulen unseres Einzugsgebietes geh\u00f6ren:<\/p><p>&#8211; GS Schillerschule<\/p><p>&#8211; GS Ernst-Reuter-Schule<\/p><p>&#8211; GS Albert-Schweitzer-Schule<\/p><p>&#8211; GS Alfred-Delp-Schule<\/p><p>&#8211; GS Br\u00fcder-Grimm-Schule<\/p><p>&#8211; GS Mozartschule<\/p><p>&#8211; GS Wittelsbachschule<\/p><p>&#8211; GS Albert-Schweitzer-Schule, Altrip<\/p>\t\t\t\t\t\t\t\t<\/div>\n\t\t\t\t<\/div>\n\t\t\t\t<div class=\"elementor-element elementor-element-8cd5caf elementor-widget__width-initial elementor-widget elementor-widget-image\" data-id=\"8cd5caf\" data-element_type=\"widget\" data-e-type=\"widget\" data-widget_type=\"image.default\">\n\t\t\t\t<div class=\"elementor-widget-container\">\n\t\t\t\t\t\t\t\t\t\t\t\t\t\t\t<img fetchpriority=\"high\" decoding=\"async\" width=\"454\" height=\"340\" src=\"https:\/\/schillerschule.com\/wp-content\/uploads\/2023\/09\/Logo_IFOE.jpeg\" class=\"attachment-large size-large wp-image-268\" alt=\"\" srcset=\"https:\/\/schillerschule.com\/wp-content\/uploads\/2023\/09\/Logo_IFOE.jpeg 454w, https:\/\/schillerschule.com\/wp-content\/uploads\/2023\/09\/Logo_IFOE-300x225.jpeg 300w\" sizes=\"(max-width: 454px) 100vw, 454px\" \/>\t\t\t\t\t\t\t\t\t\t\t\t\t\t\t<\/div>\n\t\t\t\t<\/div>\n\t\t\t\t\t<\/div>\n\t\t\t\t<\/div>\n\t\t\t\t<\/div>\n\t\t","protected":false},"excerpt":{"rendered":"<p>Integrierte F\u00f6rderung (IF\u00d6) Im Rahmen der Integrierten F\u00f6rderung nach \u00a728 GSchO bringen wir in Grundschulen unsere f\u00f6rderp\u00e4dagogischen Konzepte ein. Aktuell sind 4 F\u00f6rderschulkolleginnen an den 8 Grundschulen unseres Einzugsgebietes mit unterschiedlicher Stundenanzahl im Einsatz. Vor Ort geh\u00f6ren sowohl die Beratung der Grundschullehrkr\u00e4fte in Bezug auf Auswahl geeigneter Unterrichtsmaterialien und das Erstellen von F\u00f6rderpl\u00e4nen, wie auch [&hellip;]<\/p>\n","protected":false},"author":1,"featured_media":0,"parent":0,"menu_order":0,"comment_status":"closed","ping_status":"closed","template":"elementor_header_footer","meta":{"footnotes":""},"class_list":["post-36","page","type-page","status-publish","hentry"],"yoast_head":"<!-- This site is optimized with the Yoast SEO plugin v26.7 - https:\/\/yoast.com\/wordpress\/plugins\/seo\/ -->\n<title>IF\u00d6 -<\/title>\n<meta name=\"robots\" content=\"index, follow, max-snippet:-1, max-image-preview:large, max-video-preview:-1\" \/>\n<link rel=\"canonical\" href=\"https:\/\/schillerschule.com\/?page_id=36\" \/>\n<meta property=\"og:locale\" content=\"de_DE\" \/>\n<meta property=\"og:type\" content=\"article\" \/>\n<meta property=\"og:title\" content=\"IF\u00d6 -\" \/>\n<meta property=\"og:description\" content=\"Integrierte F\u00f6rderung (IF\u00d6) Im Rahmen der Integrierten F\u00f6rderung nach \u00a728 GSchO bringen wir in Grundschulen unsere f\u00f6rderp\u00e4dagogischen Konzepte ein. Aktuell sind 4 F\u00f6rderschulkolleginnen an den 8 Grundschulen unseres Einzugsgebietes mit unterschiedlicher Stundenanzahl im Einsatz. Vor Ort geh\u00f6ren sowohl die Beratung der Grundschullehrkr\u00e4fte in Bezug auf Auswahl geeigneter Unterrichtsmaterialien und das Erstellen von F\u00f6rderpl\u00e4nen, wie auch [&hellip;]\" \/>\n<meta property=\"og:url\" content=\"https:\/\/schillerschule.com\/?page_id=36\" \/>\n<meta property=\"article:modified_time\" content=\"2025-12-18T18:02:51+00:00\" \/>\n<meta property=\"og:image\" content=\"https:\/\/schillerschule.com\/wp-content\/uploads\/2025\/12\/M3.jpg\" \/>\n<meta name=\"twitter:card\" content=\"summary_large_image\" \/>\n<meta name=\"twitter:label1\" content=\"Gesch\u00e4tzte Lesezeit\" \/>\n\t<meta name=\"twitter:data1\" content=\"3\u00a0Minuten\" \/>\n<script type=\"application\/ld+json\" class=\"yoast-schema-graph\">{\"@context\":\"https:\/\/schema.org\",\"@graph\":[{\"@type\":\"WebPage\",\"@id\":\"https:\/\/schillerschule.com\/?page_id=36\",\"url\":\"https:\/\/schillerschule.com\/?page_id=36\",\"name\":\"IF\u00d6 -\",\"isPartOf\":{\"@id\":\"https:\/\/schillerschule.com\/#website\"},\"primaryImageOfPage\":{\"@id\":\"https:\/\/schillerschule.com\/?page_id=36#primaryimage\"},\"image\":{\"@id\":\"https:\/\/schillerschule.com\/?page_id=36#primaryimage\"},\"thumbnailUrl\":\"https:\/\/schillerschule.com\/wp-content\/uploads\/2025\/12\/M3.jpg\",\"datePublished\":\"2023-09-20T17:08:46+00:00\",\"dateModified\":\"2025-12-18T18:02:51+00:00\",\"breadcrumb\":{\"@id\":\"https:\/\/schillerschule.com\/?page_id=36#breadcrumb\"},\"inLanguage\":\"de\",\"potentialAction\":[{\"@type\":\"ReadAction\",\"target\":[\"https:\/\/schillerschule.com\/?page_id=36\"]}]},{\"@type\":\"ImageObject\",\"inLanguage\":\"de\",\"@id\":\"https:\/\/schillerschule.com\/?page_id=36#primaryimage\",\"url\":\"https:\/\/schillerschule.com\/wp-content\/uploads\/2025\/12\/M3.jpg\",\"contentUrl\":\"https:\/\/schillerschule.com\/wp-content\/uploads\/2025\/12\/M3.jpg\",\"width\":1920,\"height\":266},{\"@type\":\"BreadcrumbList\",\"@id\":\"https:\/\/schillerschule.com\/?page_id=36#breadcrumb\",\"itemListElement\":[{\"@type\":\"ListItem\",\"position\":1,\"name\":\"Startseite\",\"item\":\"https:\/\/schillerschule.com\/\"},{\"@type\":\"ListItem\",\"position\":2,\"name\":\"IF\u00d6\"}]},{\"@type\":\"WebSite\",\"@id\":\"https:\/\/schillerschule.com\/#website\",\"url\":\"https:\/\/schillerschule.com\/\",\"name\":\"\",\"description\":\"\",\"potentialAction\":[{\"@type\":\"SearchAction\",\"target\":{\"@type\":\"EntryPoint\",\"urlTemplate\":\"https:\/\/schillerschule.com\/?s={search_term_string}\"},\"query-input\":{\"@type\":\"PropertyValueSpecification\",\"valueRequired\":true,\"valueName\":\"search_term_string\"}}],\"inLanguage\":\"de\"}]}<\/script>\n<!-- \/ Yoast SEO plugin. -->","yoast_head_json":{"title":"IF\u00d6 -","robots":{"index":"index","follow":"follow","max-snippet":"max-snippet:-1","max-image-preview":"max-image-preview:large","max-video-preview":"max-video-preview:-1"},"canonical":"https:\/\/schillerschule.com\/?page_id=36","og_locale":"de_DE","og_type":"article","og_title":"IF\u00d6 -","og_description":"Integrierte F\u00f6rderung (IF\u00d6) Im Rahmen der Integrierten F\u00f6rderung nach \u00a728 GSchO bringen wir in Grundschulen unsere f\u00f6rderp\u00e4dagogischen Konzepte ein. Aktuell sind 4 F\u00f6rderschulkolleginnen an den 8 Grundschulen unseres Einzugsgebietes mit unterschiedlicher Stundenanzahl im Einsatz. Vor Ort geh\u00f6ren sowohl die Beratung der Grundschullehrkr\u00e4fte in Bezug auf Auswahl geeigneter Unterrichtsmaterialien und das Erstellen von F\u00f6rderpl\u00e4nen, wie auch [&hellip;]","og_url":"https:\/\/schillerschule.com\/?page_id=36","article_modified_time":"2025-12-18T18:02:51+00:00","og_image":[{"url":"https:\/\/schillerschule.com\/wp-content\/uploads\/2025\/12\/M3.jpg","type":"","width":"","height":""}],"twitter_card":"summary_large_image","twitter_misc":{"Gesch\u00e4tzte Lesezeit":"3\u00a0Minuten"},"schema":{"@context":"https:\/\/schema.org","@graph":[{"@type":"WebPage","@id":"https:\/\/schillerschule.com\/?page_id=36","url":"https:\/\/schillerschule.com\/?page_id=36","name":"IF\u00d6 -","isPartOf":{"@id":"https:\/\/schillerschule.com\/#website"},"primaryImageOfPage":{"@id":"https:\/\/schillerschule.com\/?page_id=36#primaryimage"},"image":{"@id":"https:\/\/schillerschule.com\/?page_id=36#primaryimage"},"thumbnailUrl":"https:\/\/schillerschule.com\/wp-content\/uploads\/2025\/12\/M3.jpg","datePublished":"2023-09-20T17:08:46+00:00","dateModified":"2025-12-18T18:02:51+00:00","breadcrumb":{"@id":"https:\/\/schillerschule.com\/?page_id=36#breadcrumb"},"inLanguage":"de","potentialAction":[{"@type":"ReadAction","target":["https:\/\/schillerschule.com\/?page_id=36"]}]},{"@type":"ImageObject","inLanguage":"de","@id":"https:\/\/schillerschule.com\/?page_id=36#primaryimage","url":"https:\/\/schillerschule.com\/wp-content\/uploads\/2025\/12\/M3.jpg","contentUrl":"https:\/\/schillerschule.com\/wp-content\/uploads\/2025\/12\/M3.jpg","width":1920,"height":266},{"@type":"BreadcrumbList","@id":"https:\/\/schillerschule.com\/?page_id=36#breadcrumb","itemListElement":[{"@type":"ListItem","position":1,"name":"Startseite","item":"https:\/\/schillerschule.com\/"},{"@type":"ListItem","position":2,"name":"IF\u00d6"}]},{"@type":"WebSite","@id":"https:\/\/schillerschule.com\/#website","url":"https:\/\/schillerschule.com\/","name":"","description":"","potentialAction":[{"@type":"SearchAction","target":{"@type":"EntryPoint","urlTemplate":"https:\/\/schillerschule.com\/?s={search_term_string}"},"query-input":{"@type":"PropertyValueSpecification","valueRequired":true,"valueName":"search_term_string"}}],"inLanguage":"de"}]}},"_links":{"self":[{"href":"https:\/\/schillerschule.com\/index.php?rest_route=\/wp\/v2\/pages\/36","targetHints":{"allow":["GET"]}}],"collection":[{"href":"https:\/\/schillerschule.com\/index.php?rest_route=\/wp\/v2\/pages"}],"about":[{"href":"https:\/\/schillerschule.com\/index.php?rest_route=\/wp\/v2\/types\/page"}],"author":[{"embeddable":true,"href":"https:\/\/schillerschule.com\/index.php?rest_route=\/wp\/v2\/users\/1"}],"replies":[{"embeddable":true,"href":"https:\/\/schillerschule.com\/index.php?rest_route=%2Fwp%2Fv2%2Fcomments&post=36"}],"version-history":[{"count":18,"href":"https:\/\/schillerschule.com\/index.php?rest_route=\/wp\/v2\/pages\/36\/revisions"}],"predecessor-version":[{"id":820,"href":"https:\/\/schillerschule.com\/index.php?rest_route=\/wp\/v2\/pages\/36\/revisions\/820"}],"wp:attachment":[{"href":"https:\/\/schillerschule.com\/index.php?rest_route=%2Fwp%2Fv2%2Fmedia&parent=36"}],"curies":[{"name":"wp","href":"https:\/\/api.w.org\/{rel}","templated":true}]}}