{"id":34,"date":"2023-09-20T19:08:24","date_gmt":"2023-09-20T17:08:24","guid":{"rendered":"https:\/\/schillerschule.com\/?page_id=34"},"modified":"2025-12-18T12:35:51","modified_gmt":"2025-12-18T11:35:51","slug":"berufsvorbereitung","status":"publish","type":"page","link":"https:\/\/schillerschule.com\/?page_id=34","title":{"rendered":"Berufsvorbereitung"},"content":{"rendered":"\t\t<div data-elementor-type=\"wp-page\" data-elementor-id=\"34\" class=\"elementor elementor-34\">\n\t\t\t\t<div class=\"elementor-element elementor-element-4ccd543e e-con-full e-flex e-con e-parent\" data-id=\"4ccd543e\" data-element_type=\"container\" data-e-type=\"container\">\n\t\t\t\t<div class=\"elementor-element elementor-element-dd2fd5a elementor-widget elementor-widget-image-carousel\" data-id=\"dd2fd5a\" data-element_type=\"widget\" data-e-type=\"widget\" data-settings=\"{&quot;slides_to_show&quot;:&quot;1&quot;,&quot;navigation&quot;:&quot;none&quot;,&quot;autoplay&quot;:&quot;yes&quot;,&quot;pause_on_hover&quot;:&quot;yes&quot;,&quot;pause_on_interaction&quot;:&quot;yes&quot;,&quot;autoplay_speed&quot;:5000,&quot;infinite&quot;:&quot;yes&quot;,&quot;effect&quot;:&quot;slide&quot;,&quot;speed&quot;:500}\" data-widget_type=\"image-carousel.default\">\n\t\t\t\t<div class=\"elementor-widget-container\">\n\t\t\t\t\t\t\t<div class=\"elementor-image-carousel-wrapper swiper\" role=\"region\" aria-roledescription=\"carousel\" aria-label=\"Bild Karussell\" dir=\"ltr\">\n\t\t\t<div class=\"elementor-image-carousel swiper-wrapper\" aria-live=\"off\">\n\t\t\t\t\t\t\t\t<div class=\"swiper-slide\" role=\"group\" aria-roledescription=\"slide\" aria-label=\"1 von 4\"><figure class=\"swiper-slide-inner\"><img decoding=\"async\" class=\"swiper-slide-image\" src=\"https:\/\/schillerschule.com\/wp-content\/uploads\/2025\/12\/M1.jpg\" alt=\"M1\" \/><\/figure><\/div><div class=\"swiper-slide\" role=\"group\" aria-roledescription=\"slide\" aria-label=\"2 von 4\"><figure class=\"swiper-slide-inner\"><img decoding=\"async\" class=\"swiper-slide-image\" src=\"https:\/\/schillerschule.com\/wp-content\/uploads\/2025\/12\/M2.jpg\" alt=\"M2\" \/><\/figure><\/div><div class=\"swiper-slide\" role=\"group\" aria-roledescription=\"slide\" aria-label=\"3 von 4\"><figure class=\"swiper-slide-inner\"><img decoding=\"async\" class=\"swiper-slide-image\" src=\"https:\/\/schillerschule.com\/wp-content\/uploads\/2025\/12\/M3.jpg\" alt=\"M3\" \/><\/figure><\/div><div class=\"swiper-slide\" role=\"group\" aria-roledescription=\"slide\" aria-label=\"4 von 4\"><figure class=\"swiper-slide-inner\"><img decoding=\"async\" class=\"swiper-slide-image\" src=\"https:\/\/schillerschule.com\/wp-content\/uploads\/2025\/12\/M4.jpg\" alt=\"M4\" \/><\/figure><\/div>\t\t\t<\/div>\n\t\t\t\t\t\t\t\n\t\t\t\t\t\t\t\t\t<\/div>\n\t\t\t\t\t\t<\/div>\n\t\t\t\t<\/div>\n\t\t\t\t<\/div>\n\t\t<div class=\"elementor-element elementor-element-113aa333 e-flex e-con-boxed e-con e-parent\" data-id=\"113aa333\" data-element_type=\"container\" data-e-type=\"container\">\n\t\t\t\t\t<div class=\"e-con-inner\">\n\t\t\t\t<div class=\"elementor-element elementor-element-7a945c37 elementor-widget elementor-widget-heading\" data-id=\"7a945c37\" data-element_type=\"widget\" data-e-type=\"widget\" data-widget_type=\"heading.default\">\n\t\t\t\t<div class=\"elementor-widget-container\">\n\t\t\t\t\t<h2 class=\"elementor-heading-title elementor-size-default\">Berufsvorbereitung<\/h2>\t\t\t\t<\/div>\n\t\t\t\t<\/div>\n\t\t\t\t\t<\/div>\n\t\t\t\t<\/div>\n\t\t<div class=\"elementor-element elementor-element-3e189b7 e-flex e-con-boxed e-con e-parent\" data-id=\"3e189b7\" data-element_type=\"container\" data-e-type=\"container\">\n\t\t\t\t\t<div class=\"e-con-inner\">\n\t\t<div class=\"elementor-element elementor-element-19d3b4b e-con-full e-flex e-con e-child\" data-id=\"19d3b4b\" data-element_type=\"container\" data-e-type=\"container\">\n\t\t\t\t<\/div>\n\t\t<div class=\"elementor-element elementor-element-a84dd04 e-con-full e-flex e-con e-child\" data-id=\"a84dd04\" data-element_type=\"container\" data-e-type=\"container\">\n\t\t\t\t<div class=\"elementor-element elementor-element-8005937 elementor-widget elementor-widget-image\" data-id=\"8005937\" data-element_type=\"widget\" data-e-type=\"widget\" data-widget_type=\"image.default\">\n\t\t\t\t<div class=\"elementor-widget-container\">\n\t\t\t\t\t\t\t\t\t\t\t\t\t\t\t<img fetchpriority=\"high\" decoding=\"async\" width=\"800\" height=\"566\" src=\"https:\/\/schillerschule.com\/wp-content\/uploads\/2024\/01\/Praxistag2023-1024x724.png\" class=\"attachment-large size-large wp-image-470\" alt=\"\" srcset=\"https:\/\/schillerschule.com\/wp-content\/uploads\/2024\/01\/Praxistag2023-1024x724.png 1024w, https:\/\/schillerschule.com\/wp-content\/uploads\/2024\/01\/Praxistag2023-300x212.png 300w, https:\/\/schillerschule.com\/wp-content\/uploads\/2024\/01\/Praxistag2023-768x543.png 768w, https:\/\/schillerschule.com\/wp-content\/uploads\/2024\/01\/Praxistag2023-1536x1086.png 1536w, https:\/\/schillerschule.com\/wp-content\/uploads\/2024\/01\/Praxistag2023.png 1920w\" sizes=\"(max-width: 800px) 100vw, 800px\" \/>\t\t\t\t\t\t\t\t\t\t\t\t\t\t\t<\/div>\n\t\t\t\t<\/div>\n\t\t\t\t<\/div>\n\t\t<div class=\"elementor-element elementor-element-e10eec3 e-con-full e-flex e-con e-child\" data-id=\"e10eec3\" data-element_type=\"container\" data-e-type=\"container\">\n\t\t\t\t<\/div>\n\t\t\t\t\t<\/div>\n\t\t\t\t<\/div>\n\t\t<div class=\"elementor-element elementor-element-9810b26 e-flex e-con-boxed e-con e-parent\" data-id=\"9810b26\" data-element_type=\"container\" data-e-type=\"container\">\n\t\t\t\t\t<div class=\"e-con-inner\">\n\t\t\t\t<div class=\"elementor-element elementor-element-7179442 elementor-widget elementor-widget-text-editor\" data-id=\"7179442\" data-element_type=\"widget\" data-e-type=\"widget\" data-widget_type=\"text-editor.default\">\n\t\t\t\t<div class=\"elementor-widget-container\">\n\t\t\t\t\t\t\t\t\t<p>In der Oberstufe werden die Sch\u00fclerinnen und Sch\u00fcler im Besonderen auf die Herausforderungen des sp\u00e4teren Berufslebens und die M\u00f6glichkeit (nach der 10. Klasse) einen Hauptschulabschluss zu erwerben vorbereitet. Nicht nur im Fach Arbeitslehre (Werken, Hauswirtschaft, Computerunterricht) legen wir den Schwerpunkt auf den Erwerb von Fertig- und F\u00e4higkeiten f\u00fcr den bevorstehenden Schulabschluss und den weiteren (beruflichen) Lebensweg Ab der 8. Klasse haben unsere Sch\u00fclerinnen und Sch\u00fcler die M\u00f6glichkeit, gem\u00e4\u00df ihren individuellen F\u00e4higkeiten und Interessen, erste Erfahrungen in verschiedenen Berufen zu sammeln. In der 8. Klasse nehmen die Jugendlichen an Blockpraktika teil und lernen verschiedene (Ausbildungs-) Berufe kennen. Wir sind eine Praxistagschule und kooperieren mit dem <a href=\"http:\/\/web4.s36-ffm-r03.gn-s.net\/index.php\/kooperationspartner1\">CJD, BBW UND BBS<\/a>.<br \/>Weiterhin bieten wir unseren Sch\u00fclerinnen und Sch\u00fclern die M\u00f6glichkeit an Tagespraktika teilzunehmen. Verschiedene\u00a0<a href=\"http:\/\/web4.s36-ffm-r03.gn-s.net\/index.php\/kooperationspartner1\">KOOPERATIONSPARTNER<\/a>\u00a0 wie etwa Tagesgruppen unterst\u00fctzen uns in der Vorbereitung der Jugendlichen auf ihr Leben nach der Schule.<\/p><p>Dank an alle Betriebe, die unseren Sch\u00fclern und Sch\u00fclerinnen die M\u00f6glichkeit geben diese kennen zu lernen.\u00a0<\/p>\t\t\t\t\t\t\t\t<\/div>\n\t\t\t\t<\/div>\n\t\t\t\t\t<\/div>\n\t\t\t\t<\/div>\n\t\t\t\t<\/div>\n\t\t","protected":false},"excerpt":{"rendered":"<p>Berufsvorbereitung In der Oberstufe werden die Sch\u00fclerinnen und Sch\u00fcler im Besonderen auf die Herausforderungen des sp\u00e4teren Berufslebens und die M\u00f6glichkeit (nach der 10. Klasse) einen Hauptschulabschluss zu erwerben vorbereitet. Nicht nur im Fach Arbeitslehre (Werken, Hauswirtschaft, Computerunterricht) legen wir den Schwerpunkt auf den Erwerb von Fertig- und F\u00e4higkeiten f\u00fcr den bevorstehenden Schulabschluss und den weiteren [&hellip;]<\/p>\n","protected":false},"author":1,"featured_media":0,"parent":0,"menu_order":0,"comment_status":"closed","ping_status":"closed","template":"elementor_header_footer","meta":{"footnotes":""},"class_list":["post-34","page","type-page","status-publish","hentry"],"yoast_head":"<!-- This site is optimized with the Yoast SEO plugin v26.7 - https:\/\/yoast.com\/wordpress\/plugins\/seo\/ -->\n<title>Berufsvorbereitung -<\/title>\n<meta name=\"robots\" content=\"index, follow, max-snippet:-1, max-image-preview:large, max-video-preview:-1\" \/>\n<link rel=\"canonical\" href=\"https:\/\/schillerschule.com\/?page_id=34\" \/>\n<meta property=\"og:locale\" content=\"de_DE\" \/>\n<meta property=\"og:type\" content=\"article\" \/>\n<meta property=\"og:title\" content=\"Berufsvorbereitung -\" \/>\n<meta property=\"og:description\" content=\"Berufsvorbereitung In der Oberstufe werden die Sch\u00fclerinnen und Sch\u00fcler im Besonderen auf die Herausforderungen des sp\u00e4teren Berufslebens und die M\u00f6glichkeit (nach der 10. Klasse) einen Hauptschulabschluss zu erwerben vorbereitet. Nicht nur im Fach Arbeitslehre (Werken, Hauswirtschaft, Computerunterricht) legen wir den Schwerpunkt auf den Erwerb von Fertig- und F\u00e4higkeiten f\u00fcr den bevorstehenden Schulabschluss und den weiteren [&hellip;]\" \/>\n<meta property=\"og:url\" content=\"https:\/\/schillerschule.com\/?page_id=34\" \/>\n<meta property=\"article:modified_time\" content=\"2025-12-18T11:35:51+00:00\" \/>\n<meta property=\"og:image\" content=\"https:\/\/schillerschule.com\/wp-content\/uploads\/2025\/12\/M1.jpg\" \/>\n<meta name=\"twitter:card\" content=\"summary_large_image\" \/>\n<meta name=\"twitter:label1\" content=\"Gesch\u00e4tzte Lesezeit\" \/>\n\t<meta name=\"twitter:data1\" content=\"3\u00a0Minuten\" \/>\n<script type=\"application\/ld+json\" class=\"yoast-schema-graph\">{\"@context\":\"https:\/\/schema.org\",\"@graph\":[{\"@type\":\"WebPage\",\"@id\":\"https:\/\/schillerschule.com\/?page_id=34\",\"url\":\"https:\/\/schillerschule.com\/?page_id=34\",\"name\":\"Berufsvorbereitung -\",\"isPartOf\":{\"@id\":\"https:\/\/schillerschule.com\/#website\"},\"primaryImageOfPage\":{\"@id\":\"https:\/\/schillerschule.com\/?page_id=34#primaryimage\"},\"image\":{\"@id\":\"https:\/\/schillerschule.com\/?page_id=34#primaryimage\"},\"thumbnailUrl\":\"https:\/\/schillerschule.com\/wp-content\/uploads\/2025\/12\/M1.jpg\",\"datePublished\":\"2023-09-20T17:08:24+00:00\",\"dateModified\":\"2025-12-18T11:35:51+00:00\",\"breadcrumb\":{\"@id\":\"https:\/\/schillerschule.com\/?page_id=34#breadcrumb\"},\"inLanguage\":\"de\",\"potentialAction\":[{\"@type\":\"ReadAction\",\"target\":[\"https:\/\/schillerschule.com\/?page_id=34\"]}]},{\"@type\":\"ImageObject\",\"inLanguage\":\"de\",\"@id\":\"https:\/\/schillerschule.com\/?page_id=34#primaryimage\",\"url\":\"https:\/\/schillerschule.com\/wp-content\/uploads\/2025\/12\/M1.jpg\",\"contentUrl\":\"https:\/\/schillerschule.com\/wp-content\/uploads\/2025\/12\/M1.jpg\",\"width\":1920,\"height\":266},{\"@type\":\"BreadcrumbList\",\"@id\":\"https:\/\/schillerschule.com\/?page_id=34#breadcrumb\",\"itemListElement\":[{\"@type\":\"ListItem\",\"position\":1,\"name\":\"Startseite\",\"item\":\"https:\/\/schillerschule.com\/\"},{\"@type\":\"ListItem\",\"position\":2,\"name\":\"Berufsvorbereitung\"}]},{\"@type\":\"WebSite\",\"@id\":\"https:\/\/schillerschule.com\/#website\",\"url\":\"https:\/\/schillerschule.com\/\",\"name\":\"\",\"description\":\"\",\"potentialAction\":[{\"@type\":\"SearchAction\",\"target\":{\"@type\":\"EntryPoint\",\"urlTemplate\":\"https:\/\/schillerschule.com\/?s={search_term_string}\"},\"query-input\":{\"@type\":\"PropertyValueSpecification\",\"valueRequired\":true,\"valueName\":\"search_term_string\"}}],\"inLanguage\":\"de\"}]}<\/script>\n<!-- \/ Yoast SEO plugin. -->","yoast_head_json":{"title":"Berufsvorbereitung -","robots":{"index":"index","follow":"follow","max-snippet":"max-snippet:-1","max-image-preview":"max-image-preview:large","max-video-preview":"max-video-preview:-1"},"canonical":"https:\/\/schillerschule.com\/?page_id=34","og_locale":"de_DE","og_type":"article","og_title":"Berufsvorbereitung -","og_description":"Berufsvorbereitung In der Oberstufe werden die Sch\u00fclerinnen und Sch\u00fcler im Besonderen auf die Herausforderungen des sp\u00e4teren Berufslebens und die M\u00f6glichkeit (nach der 10. Klasse) einen Hauptschulabschluss zu erwerben vorbereitet. Nicht nur im Fach Arbeitslehre (Werken, Hauswirtschaft, Computerunterricht) legen wir den Schwerpunkt auf den Erwerb von Fertig- und F\u00e4higkeiten f\u00fcr den bevorstehenden Schulabschluss und den weiteren [&hellip;]","og_url":"https:\/\/schillerschule.com\/?page_id=34","article_modified_time":"2025-12-18T11:35:51+00:00","og_image":[{"url":"https:\/\/schillerschule.com\/wp-content\/uploads\/2025\/12\/M1.jpg","type":"","width":"","height":""}],"twitter_card":"summary_large_image","twitter_misc":{"Gesch\u00e4tzte Lesezeit":"3\u00a0Minuten"},"schema":{"@context":"https:\/\/schema.org","@graph":[{"@type":"WebPage","@id":"https:\/\/schillerschule.com\/?page_id=34","url":"https:\/\/schillerschule.com\/?page_id=34","name":"Berufsvorbereitung -","isPartOf":{"@id":"https:\/\/schillerschule.com\/#website"},"primaryImageOfPage":{"@id":"https:\/\/schillerschule.com\/?page_id=34#primaryimage"},"image":{"@id":"https:\/\/schillerschule.com\/?page_id=34#primaryimage"},"thumbnailUrl":"https:\/\/schillerschule.com\/wp-content\/uploads\/2025\/12\/M1.jpg","datePublished":"2023-09-20T17:08:24+00:00","dateModified":"2025-12-18T11:35:51+00:00","breadcrumb":{"@id":"https:\/\/schillerschule.com\/?page_id=34#breadcrumb"},"inLanguage":"de","potentialAction":[{"@type":"ReadAction","target":["https:\/\/schillerschule.com\/?page_id=34"]}]},{"@type":"ImageObject","inLanguage":"de","@id":"https:\/\/schillerschule.com\/?page_id=34#primaryimage","url":"https:\/\/schillerschule.com\/wp-content\/uploads\/2025\/12\/M1.jpg","contentUrl":"https:\/\/schillerschule.com\/wp-content\/uploads\/2025\/12\/M1.jpg","width":1920,"height":266},{"@type":"BreadcrumbList","@id":"https:\/\/schillerschule.com\/?page_id=34#breadcrumb","itemListElement":[{"@type":"ListItem","position":1,"name":"Startseite","item":"https:\/\/schillerschule.com\/"},{"@type":"ListItem","position":2,"name":"Berufsvorbereitung"}]},{"@type":"WebSite","@id":"https:\/\/schillerschule.com\/#website","url":"https:\/\/schillerschule.com\/","name":"","description":"","potentialAction":[{"@type":"SearchAction","target":{"@type":"EntryPoint","urlTemplate":"https:\/\/schillerschule.com\/?s={search_term_string}"},"query-input":{"@type":"PropertyValueSpecification","valueRequired":true,"valueName":"search_term_string"}}],"inLanguage":"de"}]}},"_links":{"self":[{"href":"https:\/\/schillerschule.com\/index.php?rest_route=\/wp\/v2\/pages\/34","targetHints":{"allow":["GET"]}}],"collection":[{"href":"https:\/\/schillerschule.com\/index.php?rest_route=\/wp\/v2\/pages"}],"about":[{"href":"https:\/\/schillerschule.com\/index.php?rest_route=\/wp\/v2\/types\/page"}],"author":[{"embeddable":true,"href":"https:\/\/schillerschule.com\/index.php?rest_route=\/wp\/v2\/users\/1"}],"replies":[{"embeddable":true,"href":"https:\/\/schillerschule.com\/index.php?rest_route=%2Fwp%2Fv2%2Fcomments&post=34"}],"version-history":[{"count":10,"href":"https:\/\/schillerschule.com\/index.php?rest_route=\/wp\/v2\/pages\/34\/revisions"}],"predecessor-version":[{"id":790,"href":"https:\/\/schillerschule.com\/index.php?rest_route=\/wp\/v2\/pages\/34\/revisions\/790"}],"wp:attachment":[{"href":"https:\/\/schillerschule.com\/index.php?rest_route=%2Fwp%2Fv2%2Fmedia&parent=34"}],"curies":[{"name":"wp","href":"https:\/\/api.w.org\/{rel}","templated":true}]}}