{"id":20,"date":"2023-09-20T19:05:09","date_gmt":"2023-09-20T17:05:09","guid":{"rendered":"https:\/\/schillerschule.com\/?page_id=20"},"modified":"2026-03-21T17:02:22","modified_gmt":"2026-03-21T16:02:22","slug":"schulgemeinschaft","status":"publish","type":"page","link":"https:\/\/schillerschule.com\/?page_id=20","title":{"rendered":"Schulgemeinschaft"},"content":{"rendered":"<figure><img decoding=\"async\" src=\"https:\/\/schillerschule.com\/wp-content\/uploads\/2025\/12\/M4.jpg\" alt=\"M4\" \/><\/figure>\n<figure><img decoding=\"async\" src=\"https:\/\/schillerschule.com\/wp-content\/uploads\/2025\/12\/M3.jpg\" alt=\"M3\" \/><\/figure>\n<figure><img decoding=\"async\" src=\"https:\/\/schillerschule.com\/wp-content\/uploads\/2025\/12\/M2.jpg\" alt=\"M2\" \/><\/figure>\n<figure><img decoding=\"async\" src=\"https:\/\/schillerschule.com\/wp-content\/uploads\/2025\/12\/M1.jpg\" alt=\"M1\" \/><\/figure>\n<h2>Schulleitung<\/h2>\n<p>Rektor (komm.)<\/p>\n<p><b>Herr Benedikt Wiechmann<\/b><\/p>\n<p>Konrektorin:<\/p>\n<p><b>Frau Radegunde Michels-Koepper<\/b><\/p>\n<p>\u00a0<\/p>\n<p>Schulleitung<\/p>\n<p>Telefon: 0621 504423921<br \/>Telefax: 0621 504423997\u00a0<br \/>E-Mail:\u00a0sfl[at]schillerschule.com<\/p>\n<p>\u00a0<\/p>\n<h2>Sekretariat<\/h2>\n<p>\t\t\t\t\t\t\t\t\t\t\t\t\t\t\t<img decoding=\"async\" width=\"300\" height=\"125\" src=\"https:\/\/schillerschule.com\/wp-content\/uploads\/2023\/09\/MG_5686-300x125.jpg\" alt=\"\" srcset=\"https:\/\/schillerschule.com\/wp-content\/uploads\/2023\/09\/MG_5686-300x125.jpg 300w, https:\/\/schillerschule.com\/wp-content\/uploads\/2023\/09\/MG_5686-1024x427.jpg 1024w, https:\/\/schillerschule.com\/wp-content\/uploads\/2023\/09\/MG_5686-768x320.jpg 768w, https:\/\/schillerschule.com\/wp-content\/uploads\/2023\/09\/MG_5686-1536x640.jpg 1536w, https:\/\/schillerschule.com\/wp-content\/uploads\/2023\/09\/MG_5686.jpg 1920w\" sizes=\"(max-width: 300px) 100vw, 300px\" \/>\t\t\t\t\t\t\t\t\t\t\t\t\t\t\t<\/p>\n<p><strong>Frau Schneider<\/strong><\/p>\n<p>Unser Sekretariat\u00a0ist<\/p>\n<p>montags bis freitags von 07.30h bis 11.30h \u00a0besetzt.<\/p>\n<h2>Kollegium<\/h2>\n<p>\t\t\t\t\t\t\t\t\t\t\t\t\t\t\t<img fetchpriority=\"high\" decoding=\"async\" width=\"800\" height=\"600\" src=\"https:\/\/schillerschule.com\/wp-content\/uploads\/2025\/10\/Schillervilla-1024x768.jpeg\" alt=\"\" srcset=\"https:\/\/schillerschule.com\/wp-content\/uploads\/2025\/10\/Schillervilla-1024x768.jpeg 1024w, https:\/\/schillerschule.com\/wp-content\/uploads\/2025\/10\/Schillervilla-300x225.jpeg 300w, https:\/\/schillerschule.com\/wp-content\/uploads\/2025\/10\/Schillervilla-768x576.jpeg 768w, https:\/\/schillerschule.com\/wp-content\/uploads\/2025\/10\/Schillervilla-1536x1152.jpeg 1536w, https:\/\/schillerschule.com\/wp-content\/uploads\/2025\/10\/Schillervilla.jpeg 1920w\" sizes=\"(max-width: 800px) 100vw, 800px\" \/>\t\t\t\t\t\t\t\t\t\t\t\t\t\t\t<\/p>\n<p>Klasse 1\/2\/3 \u00a0 \u00a0 \u00a0 \u00a0 \u00a0Frau Treska \u00a0 \u00a0 \u00a0 \u00a0 \u00a0 \u00a0 \u00a0 \u00a0 \u00a0 \u00a0 \u00a0 Miriam.Treska@schillerschule.com \u00a0 \u00a0 \u00a0 \u00a0 \u00a0 \u00a0<\/p>\n<p>Klasse 2\/3\/4a\u00a0\u00a0\u00a0 \u00a0 \u00a0 Frau Schneider \u00a0 \u00a0 \u00a0 \u00a0 \u00a0 \u00a0 \u00a0 \u00a0 \u00a0Ida.Schneider@schillerschule.com<\/p>\n<p>Klasse 3\/4 b \u00a0 \u00a0 \u00a0 \u00a0 \u00a0 Frau Richter \u00a0 \u00a0 \u00a0 \u00a0 \u00a0 \u00a0 \u00a0 \u00a0 \u00a0 \u00a0 \u00a0 Anna.Richter@schillerschule.com<\/p>\n<p>\u00a0 \u00a0 \u00a0 \u00a0 \u00a0 \u00a0 \u00a0 \u00a0 \u00a0 \u00a0 \u00a0 \u00a0 \u00a0 \u00a0 \u00a0 \u00a0 \u00a0 Frau Bernarding\u00a0\u00a0 \u00a0 \u00a0 \u00a0 \u00a0 \u00a0 \u00a0 \u00a0Myriam.Bernarding@schillerschule.com<\/p>\n<p>\u00a0 \u00a0 \u00a0 \u00a0 \u00a0 \u00a0 \u00a0 \u00a0 \u00a0 \u00a0 \u00a0 \u00a0 \u00a0 \u00a0 \u00a0 \u00a0 \u00a0 Frau Miguel Morales\u00a0\u00a0 \u00a0 \u00a0 \u00a0\u00a0<\/p>\n<p>Klasse 4c \u00a0 \u00a0 \u00a0 \u00a0 \u00a0 \u00a0 \u00a0 \u00a0Herr \u00a0Tremmel \u00a0 \u00a0 \u00a0 \u00a0 \u00a0 \u00a0 \u00a0 \u00a0 \u00a0 \u00a0Raimund.Tremmel@schillerschule.com<\/p>\n<p>\t\t\t\t\t\t\t\t\t\t\t\t\t\t\t<img decoding=\"async\" width=\"800\" height=\"534\" src=\"https:\/\/schillerschule.com\/wp-content\/uploads\/2023\/09\/MG_5468-1024x683.jpg\" alt=\"\" srcset=\"https:\/\/schillerschule.com\/wp-content\/uploads\/2023\/09\/MG_5468-1024x683.jpg 1024w, https:\/\/schillerschule.com\/wp-content\/uploads\/2023\/09\/MG_5468-300x200.jpg 300w, https:\/\/schillerschule.com\/wp-content\/uploads\/2023\/09\/MG_5468-768x512.jpg 768w, https:\/\/schillerschule.com\/wp-content\/uploads\/2023\/09\/MG_5468-1536x1025.jpg 1536w, https:\/\/schillerschule.com\/wp-content\/uploads\/2023\/09\/MG_5468.jpg 1920w\" sizes=\"(max-width: 800px) 100vw, 800px\" \/>\t\t\t\t\t\t\t\t\t\t\t\t\t\t\t<\/p>\n<p>Klasse 5a &nbsp; &nbsp; &nbsp; &nbsp; &nbsp; &nbsp; &nbsp; &nbsp;Frau Kiefer &nbsp; &nbsp; &nbsp; &nbsp; &nbsp; &nbsp; &nbsp; &nbsp; &nbsp; &nbsp; &nbsp; &nbsp; &nbsp;Caroline.Kiefer@schillerschule.com<\/p>\n<p>Klasse 5b &nbsp; &nbsp; &nbsp; &nbsp; &nbsp; &nbsp; &nbsp; &nbsp;Frau Stein &nbsp; &nbsp; &nbsp; &nbsp; &nbsp; &nbsp; &nbsp; &nbsp; &nbsp; &nbsp; &nbsp; &nbsp; &nbsp; &nbsp;Christiane.Stein@schillerschule.com<\/p>\n<p>Klasse 6a &nbsp; &nbsp; &nbsp; &nbsp; &nbsp; &nbsp; &nbsp; &nbsp;Frau Borina &nbsp; &nbsp; &nbsp; &nbsp; &nbsp; &nbsp; &nbsp; &nbsp; &nbsp; &nbsp; &nbsp; &nbsp; Susanne Borina@schillerschule.com<\/p>\n<p>&nbsp; &nbsp; &nbsp; &nbsp; &nbsp; &nbsp; &nbsp; &nbsp; &nbsp; &nbsp; &nbsp; &nbsp; &nbsp; &nbsp; &nbsp; &nbsp; &nbsp; Herr Mosbach &nbsp; &nbsp; &nbsp; &nbsp; &nbsp; &nbsp; &nbsp; &nbsp; &nbsp; &nbsp; Felix.Mosbach@schillerschule.com<\/p>\n<p>Klasse 6b&nbsp; &nbsp; &nbsp; &nbsp; &nbsp; &nbsp; &nbsp; &nbsp; Frau Oberlies &nbsp; &nbsp; &nbsp; &nbsp; &nbsp; &nbsp; &nbsp; &nbsp; &nbsp; &nbsp; &nbsp; Katja.Oberlies@schillerschule.com<\/p>\n<p>\t\t\t\t\t\t\t\t\t\t\t\t\t\t\t<img loading=\"lazy\" decoding=\"async\" width=\"800\" height=\"534\" src=\"https:\/\/schillerschule.com\/wp-content\/uploads\/2023\/09\/MG_5497-1024x683.jpg\" alt=\"\" srcset=\"https:\/\/schillerschule.com\/wp-content\/uploads\/2023\/09\/MG_5497-1024x683.jpg 1024w, https:\/\/schillerschule.com\/wp-content\/uploads\/2023\/09\/MG_5497-300x200.jpg 300w, https:\/\/schillerschule.com\/wp-content\/uploads\/2023\/09\/MG_5497-768x512.jpg 768w, https:\/\/schillerschule.com\/wp-content\/uploads\/2023\/09\/MG_5497-1536x1024.jpg 1536w, https:\/\/schillerschule.com\/wp-content\/uploads\/2023\/09\/MG_5497.jpg 1920w\" sizes=\"(max-width: 800px) 100vw, 800px\" \/>\t\t\t\t\t\t\t\t\t\t\t\t\t\t\t<\/p>\n<p>Klasse 7 \u00a0 \u00a0 \u00a0 \u00a0 \u00a0 \u00a0 \u00a0 \u00a0 \u00a0 \u00a0Frau Heedrich \u00a0 \u00a0 \u00a0 \u00a0 \u00a0 \u00a0 \u00a0 \u00a0 \u00a0 \u00a0Karina.Heedrich@schillerschule.com<\/p>\n<p>Klasse 7\/8. \u00a0 \u00a0 \u00a0 \u00a0 \u00a0 \u00a0 \u00a0 Frau Grimmei\u00dfen \u00a0 \u00a0 \u00a0 \u00a0 \u00a0 \u00a0 \u00a0Nicole.Grimmeissen@schillerschule.com<\/p>\n<p>KLasse 8 \u00a0 \u00a0 \u00a0 \u00a0 \u00a0 \u00a0 \u00a0 \u00a0 \u00a0 Frau Joos \u00a0 \u00a0 \u00a0 \u00a0 \u00a0 \u00a0 \u00a0 \u00a0 \u00a0 \u00a0 \u00a0 \u00a0 \u00a0 \u00a0Lea.Joos@schillerschule.com<\/p>\n<p>Klasse 8\/9 \u00a0 \u00a0 \u00a0 \u00a0 \u00a0 \u00a0 \u00a0 \u00a0Frau Gr\u00e4n \u00a0 \u00a0 \u00a0 \u00a0 \u00a0 \u00a0 \u00a0 \u00a0 \u00a0 \u00a0 \u00a0 \u00a0 \u00a0 Stefanie.Graen@schillerschule.com<\/p>\n<p>Klasse 9 \u00a0 \u00a0 \u00a0 \u00a0 \u00a0 \u00a0 \u00a0 \u00a0 \u00a0 \u00a0Frau Beyer \u00a0 \u00a0 \u00a0 \u00a0 \u00a0 \u00a0 \u00a0 \u00a0 \u00a0 \u00a0 \u00a0 \u00a0 \u00a0 Heike.Beyer@schillerschule.com<\/p>\n<p><b>Fachlehrer<\/b><\/p>\n<p>Frau Joos \u00a0 \u00a0 \u00a0 \u00a0 \u00a0 \u00a0 \u00a0 \u00a0 \u00a0 \u00a0 \u00a0 Lea.Joos@schillerschule.com<\/p>\n<p>Herr Paul \u00a0 \u00a0 \u00a0 \u00a0 \u00a0 \u00a0 \u00a0 \u00a0 \u00a0 \u00a0 \u00a0 \u00a0Daniel.Paul@schillerschule.com<\/p>\n<p>Frau Reinm\u00fcller \u00a0 \u00a0 \u00a0 \u00a0 \u00a0 \u00a0Meike.Reinmoeller@schillerschule.com<\/p>\n<p>Herr Schorer \u00a0 \u00a0 \u00a0 \u00a0 \u00a0 \u00a0 \u00a0 \u00a0 \u00a0Cornelius.Schorer@schillerschule.com<\/p>\n<p>Frau Seitz \u00a0 \u00a0 \u00a0 \u00a0 \u00a0 \u00a0 \u00a0 \u00a0 \u00a0 \u00a0 \u00a0 Franziska.Seitz@schillerschule.com<\/p>\n<p>Frau Sykes \u00a0 \u00a0 \u00a0 \u00a0 \u00a0 \u00a0 \u00a0 \u00a0 \u00a0 \u00a0 Julia.Sykes@schillerschule.com\u00a0 \u00a0 \u00a0 \u00a0 \u00a0 \u00a0 \u00a0 \u00a0 \u00a0 \u00a0\u00a0<\/p>\n<p>Frau Moreno \u00a0 \u00a0 \u00a0 \u00a0 \u00a0 \u00a0 \u00a0 \u00a0 \u00a0 Leticia.Moreno@schillerschule.com\u00a0<\/p>\n<p><b style=\"font-family: var( --e-global-typography-text-font-family ), Sans-serif; text-align: var(--text-align);\">IF\u00d6 Team<\/b><\/p>\n<p>Frau Baumann \u00a0 \u00a0 \u00a0 \u00a0 \u00a0 \u00a0 \u00a0 \u00a0 Christine.Baumann@schillerschule.com<\/p>\n<p>Frau Brammlage \u00a0 \u00a0 \u00a0 \u00a0 \u00a0 \u00a0 \u00a0Ludgera Brammlage@schillerschule.com<\/p>\n<h2>Praktikumsbetreuung<\/h2>\n<p><strong>Frau Stein \u00a0 \u00a0 \u00a0 \u00a0 \u00a0 \u00a0 \u00a0 \u00a0 \u00a0 \u00a0 \u00a0 \u00a0 \u00a0 \u00a0 \u00a0Christiane.Stein@schillerschule.com<\/strong><b style=\"font-family: var( --e-global-typography-text-font-family ), Sans-serif; text-align: var(--text-align);\">\u00a0 \u00a0 \u00a0 \u00a0 \u00a0 \u00a0 \u00a0 \u00a0 \u00a0 \u00a0 \u00a0 \u00a0 \u00a0 \u00a0\u00a0<\/b><\/p>\n<h2>Personalrat<\/h2>\n<p><strong>Frau Oberlies \u00a0 \u00a0 \u00a0 \u00a0 \u00a0 \u00a0 \u00a0 \u00a0 \u00a0 \u00a0 \u00a0 \u00a0 \u00a0 \u00a0 \u00a0Katja.Oberlies@schillerschule.com<\/strong><\/p>\n<p><b>Frau Heedrich \u00a0 \u00a0 \u00a0 \u00a0 \u00a0 \u00a0 \u00a0 \u00a0 \u00a0 \u00a0 \u00a0 \u00a0 \u00a0 \u00a0 Karina.Heedrich@schillerschule.com<\/b><\/p>\n<p><strong>Frau Sykes-Metzmann \u00a0 \u00a0 \u00a0 \u00a0 \u00a0 \u00a0 \u00a0Julia.Sykes@schillerschule.com<\/strong><\/p>\n<h2>Elternvertretung<\/h2>\n<p>Kommst demn\u00e4chst!<\/p>\n<p>Vorsitzender\u00a0\u00a0\u00a0\u00a0\u00a0\u00a0\u00a0\u00a0\u00a0\u00a0\u00a0\u00a0\u00a0\u00a0\u00a0\u00a0\u00a0\u00a0\u00a0\u00a0\u00a0\u00a0\u00a0\u00a0\u00a0\u00a0\u00a0\u00a0\u00a0\u00a0\u00a0\u00a0\u00a0\u00a0\u00a0\u00a0<br \/>X.X.<\/p>\n<p>Vertreter\u00a0\u00a0\u00a0\u00a0\u00a0\u00a0\u00a0\u00a0\u00a0\u00a0\u00a0\u00a0\u00a0\u00a0\u00a0\u00a0\u00a0\u00a0\u00a0\u00a0\u00a0\u00a0\u00a0\u00a0\u00a0\u00a0\u00a0\u00a0\u00a0\u00a0\u00a0\u00a0\u00a0\u00a0\u00a0\u00a0\u00a0\u00a0\u00a0\u00a0\u00a0\u00a0\u00a0\u00a0\u00a0<br \/>X.X.<\/p>\n<p>Mitglied Elternbeirat\u00a0\u00a0\u00a0\u00a0\u00a0\u00a0\u00a0\u00a0\u00a0\u00a0\u00a0\u00a0\u00a0<br \/>X.X.<\/p>\n<p>Zu den Aufgaben der Elternvertretung geh\u00f6ren unter anderem:<\/p>\n<p>&#8211; die Interessen der Elternschaft zu wahren,<\/p>\n<p>&#8211; W\u00fcnsche und Vorschl\u00e4ge der Eltern zu b\u00fcndeln und diese an die Schulleitung weiter zu geben.<\/p>\n<p>&#8211; an den Beratungen der Schulkonferenz teilzunehmen.<\/p>\n<h2>Sch\u00fclervertretung<\/h2>\n<p>Schulsprecherin: &nbsp; &nbsp;<b>Farida &nbsp; &nbsp; &nbsp; &nbsp; &nbsp; <\/b>Klasse 8\/9<\/p>\n<p>Vertreterin: &nbsp; &nbsp; &nbsp; &nbsp; &nbsp; &nbsp; &nbsp;<strong>Adjoa<\/strong> &nbsp; &nbsp; &nbsp; &nbsp; &nbsp; &nbsp;Klasse 9<\/p>\n<p>Schillervilla<\/p>\n<p>Schulsprecher: &nbsp; &nbsp; &nbsp; &nbsp;<strong>Plamen<\/strong> &nbsp; &nbsp; &nbsp; &nbsp; &nbsp;Klasse 5b<\/p>\n<p>Vertreterin: &nbsp; &nbsp; &nbsp; &nbsp; &nbsp; &nbsp; &nbsp; <strong>Leonita<\/strong> &nbsp; &nbsp; &nbsp; &nbsp; &nbsp;Klasse 4c<\/p>\n<h2>Vertrauenslehrer<\/h2>\n<p><b>Frau Kiefer \u00a0 \u00a0 \u00a0 \u00a0 \u00a0 \u00a0 \u00a0 \u00a0 \u00a0Caroline.Kiefer@schillerschule.com<\/b><\/p>\n<p><b>Frau Stein \u00a0 \u00a0 \u00a0 \u00a0 \u00a0 \u00a0 \u00a0 \u00a0 \u00a0 \u00a0Christiane.Stein@schillerschule.com<\/b><\/p>\n<h2>Hausmeister<\/h2>\n<p><strong>Herr Martin<\/strong><\/p>\n<p>Tel.: 0163-8567719<\/p>\n<p>Mo.-Fr. 7.00 Uhr bis13.00 Uhr und 14.30 Uhr- 17.00 Uhr<\/p>\n<p><strong>Herr Weser<\/strong><\/p>\n<h2>Kooperationspartner<\/h2>\n<p><strong>BBW Worms<\/strong><\/p>\n<p>Die Sch\u00fclerinnen und Sch\u00fcler der 8. Klassen machen als erste Erfahrung mit der Arbeitswelt ein zweiw\u00f6chiges Praktikum im BBW Worms. Es stehen zahlreiche Ausbildungswerkst\u00e4tten\/Berufsfelder zum Kennenlernen zur Verf\u00fcgung. Jeweils 2 Sch\u00fcler d\u00fcrfen in einer Ausbildungswerkstatt in ihrem Wunschberuf arbeiten. Meister und Auszubildende leiten die Sch\u00fclerinnen und Sch\u00fcler an und verhelfen zu einer ersten positiven Erfahrung in der Arbeitswelt. Die Klassenlehrer begleiten ihre Sch\u00fcler w\u00e4hrend der ganzen Wochen. Die Fahrt mit der Bahn nach Worms, das Finden der richtigen Buslinie in einer &#8222;fremden&#8220; Stadt sind zus\u00e4tzliche Lernerfolge beim \u00dcbergang von der Schule in den Beruf.<\/p>\n<p>Wir vom DRK-Berufsbildungswerk in Worms f\u00f6rdern junge Menschen, die f\u00fcr eine erfolgreiche\u00a0Berufsausbildung\u00a0besondere Hilfen brauchen.<\/p>\n<p>Dazu stehen uns 250 Pl\u00e4tze f\u00fcr Ausbildung und\u00a0Berufsvorbereitung\u00a0in modernen Werkst\u00e4tten und eigener\u00a0Berufsschule\u00a0zur Verf\u00fcgung sowie 170 Pl\u00e4tze f\u00fcr jugendgerechtes Wohnen.<\/p>\n<p>Zur F\u00f6rderung und Betreuung stehen die\u00a0Fachdienste\u00a0zur Seite.<\/p>\n<p>Im Freizeitbereich bieten wir ein Freizeithaus mit Cafeteria, Disco, Kraftraum, Internetcaf\u00e9, Sporthalle, Hochseilgarten mit Kletterwand, Fu\u00dfball u.v.m.<\/p>\n<p><strong>Handwerkskammer<\/strong><\/p>\n<p>In der Handwerkskammer Ludwigshafen haben unsere Oberstufensch\u00fclerinnen und Sch\u00fcler jeweils einmal pro Schuljahr an insgesamt 4 Samstagen die M\u00f6glichkeit in verschiedene Berufsfelder praxisnah unter Anleitung eines Ausbilders zu erkunden und Erfahrungen sammeln. (z.B. Metall, Friseur, Stuckateur, Fliesenleger, &#8230;)<\/p>\n<figure><img decoding=\"async\" src=\"https:\/\/schillerschule.com\/wp-content\/uploads\/2023\/09\/Handwerkskammer2.jpeg\" alt=\"Handwerkskammer2\" \/><\/figure>\n<figure><img decoding=\"async\" src=\"https:\/\/schillerschule.com\/wp-content\/uploads\/2023\/09\/Handwerkskammer3.jpeg\" alt=\"Handwerkskammer3\" \/><\/figure>\n<figure><img decoding=\"async\" src=\"https:\/\/schillerschule.com\/wp-content\/uploads\/2023\/09\/Handwerkskammer1.jpeg\" alt=\"Handwerkskammer1\" \/><\/figure>\n<p><strong>Studienseminar f\u00fcr das Lehramt an F\u00f6rderschulen<\/strong><\/p>\n<p>Wir sind eine Ausbildungsschule und bilden zurzeit drei junge Lehrer (Referendare) an unsere Schule aus.\u00a0<\/p>\n<p><strong>Universit\u00e4ten (Landau, Heidelberg)<\/strong><\/p>\n<p>Unsere Schule bietet Studierenden f\u00fcr das Lehramt Gelegenheit Erfahrungen und Einblicke in dem Lehrerberuf zu sammeln. Manchmal gelingt es, dass aus Praktikanten &#8222;<a href=\"http:\/\/pes.bildung-rp.de\/\">PES-KOLLEGEN&#8220;<\/a>\u00a0werden.\u00a0<\/p>\n<p><strong>Fachdienste f\u00fcr Arbeit und Integration (Integrationsfachdienst)<\/strong><\/p>\n<p><strong>Ev. Heimstiftung<\/strong><\/p>\n<p>Der Dienst zur Unterst\u00fctzung beim \u00dcbergang von der Schule in den Beruf (\u00dcSB) unterst\u00fctzt F\u00f6rderschulen in Ludwigshafen bei ihren Berufsorientierungsma\u00dfnahmen und betreut nach Absprache mit der Schule und den Eltern einzelne Sch\u00fclerinnen und Sch\u00fcler intensiv mit dem Ziel, nach der Schule berufst\u00e4tig zu werden. (<a href=\"http:\/\/www.evh-pfalz.de\/\">WEITERLESEN AUF DER HOMEPAGE &#8230;<\/a>)<\/p>\n<p><strong>Sozialkompetenztraining<\/strong><\/p>\n<p>Sch\u00fclerinnen und Sch\u00fcler der Oberstufe nehmen am Sozialkompetenztraining der Stadt Ludwigshafen teil. (Leitung: Herr Niklas, Herr Kaufmann).<\/p>\n<p><strong>Christliches Jugenddorfwerk Deutschland (CJD)<\/strong><\/p>\n<p>Das CJD unterst\u00fctzt, f\u00f6rdert und bildet Menschen in unterschiedlichen Lebenslagen aus. Dabei wird gro\u00dfer Wert auf Angebote zur Pers\u00f6nlichkeitsbildung gelegt. Neben Angebote f\u00fcr Arbeitssuchende, Gefl\u00fcchtete, Menschen mit Beeintr\u00e4chtige oder Familien, bietet das CJD auch Unterst\u00fctzung f\u00fcr Schulen an. Insbesondere profitieren wir an der Schillerschule von den Berufsorientierungsangeboten des CJD`s.<\/p>\n<p><strong>Tagesgruppen<\/strong><\/p>\n<p>Wichtige Ansprechpartner unserer Sch\u00fcler sind neben den Eltern nat\u00fcrlich auch eventuell vorhandene p\u00e4dagogische Fachkr\u00e4fte.<\/p>\n","protected":false},"excerpt":{"rendered":"<p>Schulleitung Rektor (komm.) Herr Benedikt Wiechmann Konrektorin: Frau Radegunde Michels-Koepper \u00a0 Schulleitung Telefon: 0621 504423921Telefax: 0621 504423997\u00a0E-Mail:\u00a0sfl[at]schillerschule.com \u00a0 Sekretariat Frau Schneider Unser Sekretariat\u00a0ist montags bis freitags von 07.30h bis 11.30h \u00a0besetzt. Kollegium Klasse 1\/2\/3 \u00a0 \u00a0 \u00a0 \u00a0 \u00a0Frau Treska \u00a0 \u00a0 \u00a0 \u00a0 \u00a0 \u00a0 \u00a0 \u00a0 \u00a0 \u00a0 \u00a0 Miriam.Treska@schillerschule.com \u00a0 \u00a0 \u00a0 [&hellip;]<\/p>\n","protected":false},"author":1,"featured_media":0,"parent":0,"menu_order":0,"comment_status":"closed","ping_status":"closed","template":"elementor_header_footer","meta":{"footnotes":""},"class_list":["post-20","page","type-page","status-publish","hentry"],"yoast_head":"<!-- This site is optimized with the Yoast SEO plugin v26.7 - https:\/\/yoast.com\/wordpress\/plugins\/seo\/ -->\n<title>Schulgemeinschaft -<\/title>\n<meta name=\"robots\" content=\"index, follow, max-snippet:-1, max-image-preview:large, max-video-preview:-1\" \/>\n<link rel=\"canonical\" href=\"https:\/\/schillerschule.com\/?page_id=20\" \/>\n<meta property=\"og:locale\" content=\"de_DE\" \/>\n<meta property=\"og:type\" content=\"article\" \/>\n<meta property=\"og:title\" content=\"Schulgemeinschaft -\" \/>\n<meta property=\"og:description\" content=\"Schulleitung Rektor (komm.) Herr Benedikt Wiechmann Konrektorin: Frau Radegunde Michels-Koepper \u00a0 Schulleitung Telefon: 0621 504423921Telefax: 0621 504423997\u00a0E-Mail:\u00a0sfl[at]schillerschule.com \u00a0 Sekretariat Frau Schneider Unser Sekretariat\u00a0ist montags bis freitags von 07.30h bis 11.30h \u00a0besetzt. Kollegium Klasse 1\/2\/3 \u00a0 \u00a0 \u00a0 \u00a0 \u00a0Frau Treska \u00a0 \u00a0 \u00a0 \u00a0 \u00a0 \u00a0 \u00a0 \u00a0 \u00a0 \u00a0 \u00a0 Miriam.Treska@schillerschule.com \u00a0 \u00a0 \u00a0 [&hellip;]\" \/>\n<meta property=\"og:url\" content=\"https:\/\/schillerschule.com\/?page_id=20\" \/>\n<meta property=\"article:modified_time\" content=\"2026-03-21T16:02:22+00:00\" \/>\n<meta property=\"og:image\" content=\"https:\/\/schillerschule.com\/wp-content\/uploads\/2025\/12\/M4.jpg\" \/>\n<meta name=\"twitter:card\" content=\"summary_large_image\" \/>\n<meta name=\"twitter:label1\" content=\"Gesch\u00e4tzte Lesezeit\" \/>\n\t<meta name=\"twitter:data1\" content=\"6\u00a0Minuten\" \/>\n<script type=\"application\/ld+json\" class=\"yoast-schema-graph\">{\"@context\":\"https:\/\/schema.org\",\"@graph\":[{\"@type\":\"WebPage\",\"@id\":\"https:\/\/schillerschule.com\/?page_id=20\",\"url\":\"https:\/\/schillerschule.com\/?page_id=20\",\"name\":\"Schulgemeinschaft -\",\"isPartOf\":{\"@id\":\"https:\/\/schillerschule.com\/#website\"},\"primaryImageOfPage\":{\"@id\":\"https:\/\/schillerschule.com\/?page_id=20#primaryimage\"},\"image\":{\"@id\":\"https:\/\/schillerschule.com\/?page_id=20#primaryimage\"},\"thumbnailUrl\":\"https:\/\/schillerschule.com\/wp-content\/uploads\/2025\/12\/M4.jpg\",\"datePublished\":\"2023-09-20T17:05:09+00:00\",\"dateModified\":\"2026-03-21T16:02:22+00:00\",\"breadcrumb\":{\"@id\":\"https:\/\/schillerschule.com\/?page_id=20#breadcrumb\"},\"inLanguage\":\"de\",\"potentialAction\":[{\"@type\":\"ReadAction\",\"target\":[\"https:\/\/schillerschule.com\/?page_id=20\"]}]},{\"@type\":\"ImageObject\",\"inLanguage\":\"de\",\"@id\":\"https:\/\/schillerschule.com\/?page_id=20#primaryimage\",\"url\":\"https:\/\/schillerschule.com\/wp-content\/uploads\/2025\/12\/M4.jpg\",\"contentUrl\":\"https:\/\/schillerschule.com\/wp-content\/uploads\/2025\/12\/M4.jpg\",\"width\":1920,\"height\":266},{\"@type\":\"BreadcrumbList\",\"@id\":\"https:\/\/schillerschule.com\/?page_id=20#breadcrumb\",\"itemListElement\":[{\"@type\":\"ListItem\",\"position\":1,\"name\":\"Startseite\",\"item\":\"https:\/\/schillerschule.com\/\"},{\"@type\":\"ListItem\",\"position\":2,\"name\":\"Schulgemeinschaft\"}]},{\"@type\":\"WebSite\",\"@id\":\"https:\/\/schillerschule.com\/#website\",\"url\":\"https:\/\/schillerschule.com\/\",\"name\":\"\",\"description\":\"\",\"potentialAction\":[{\"@type\":\"SearchAction\",\"target\":{\"@type\":\"EntryPoint\",\"urlTemplate\":\"https:\/\/schillerschule.com\/?s={search_term_string}\"},\"query-input\":{\"@type\":\"PropertyValueSpecification\",\"valueRequired\":true,\"valueName\":\"search_term_string\"}}],\"inLanguage\":\"de\"}]}<\/script>\n<!-- \/ Yoast SEO plugin. -->","yoast_head_json":{"title":"Schulgemeinschaft -","robots":{"index":"index","follow":"follow","max-snippet":"max-snippet:-1","max-image-preview":"max-image-preview:large","max-video-preview":"max-video-preview:-1"},"canonical":"https:\/\/schillerschule.com\/?page_id=20","og_locale":"de_DE","og_type":"article","og_title":"Schulgemeinschaft -","og_description":"Schulleitung Rektor (komm.) Herr Benedikt Wiechmann Konrektorin: Frau Radegunde Michels-Koepper \u00a0 Schulleitung Telefon: 0621 504423921Telefax: 0621 504423997\u00a0E-Mail:\u00a0sfl[at]schillerschule.com \u00a0 Sekretariat Frau Schneider Unser Sekretariat\u00a0ist montags bis freitags von 07.30h bis 11.30h \u00a0besetzt. Kollegium Klasse 1\/2\/3 \u00a0 \u00a0 \u00a0 \u00a0 \u00a0Frau Treska \u00a0 \u00a0 \u00a0 \u00a0 \u00a0 \u00a0 \u00a0 \u00a0 \u00a0 \u00a0 \u00a0 Miriam.Treska@schillerschule.com \u00a0 \u00a0 \u00a0 [&hellip;]","og_url":"https:\/\/schillerschule.com\/?page_id=20","article_modified_time":"2026-03-21T16:02:22+00:00","og_image":[{"url":"https:\/\/schillerschule.com\/wp-content\/uploads\/2025\/12\/M4.jpg","type":"","width":"","height":""}],"twitter_card":"summary_large_image","twitter_misc":{"Gesch\u00e4tzte Lesezeit":"6\u00a0Minuten"},"schema":{"@context":"https:\/\/schema.org","@graph":[{"@type":"WebPage","@id":"https:\/\/schillerschule.com\/?page_id=20","url":"https:\/\/schillerschule.com\/?page_id=20","name":"Schulgemeinschaft -","isPartOf":{"@id":"https:\/\/schillerschule.com\/#website"},"primaryImageOfPage":{"@id":"https:\/\/schillerschule.com\/?page_id=20#primaryimage"},"image":{"@id":"https:\/\/schillerschule.com\/?page_id=20#primaryimage"},"thumbnailUrl":"https:\/\/schillerschule.com\/wp-content\/uploads\/2025\/12\/M4.jpg","datePublished":"2023-09-20T17:05:09+00:00","dateModified":"2026-03-21T16:02:22+00:00","breadcrumb":{"@id":"https:\/\/schillerschule.com\/?page_id=20#breadcrumb"},"inLanguage":"de","potentialAction":[{"@type":"ReadAction","target":["https:\/\/schillerschule.com\/?page_id=20"]}]},{"@type":"ImageObject","inLanguage":"de","@id":"https:\/\/schillerschule.com\/?page_id=20#primaryimage","url":"https:\/\/schillerschule.com\/wp-content\/uploads\/2025\/12\/M4.jpg","contentUrl":"https:\/\/schillerschule.com\/wp-content\/uploads\/2025\/12\/M4.jpg","width":1920,"height":266},{"@type":"BreadcrumbList","@id":"https:\/\/schillerschule.com\/?page_id=20#breadcrumb","itemListElement":[{"@type":"ListItem","position":1,"name":"Startseite","item":"https:\/\/schillerschule.com\/"},{"@type":"ListItem","position":2,"name":"Schulgemeinschaft"}]},{"@type":"WebSite","@id":"https:\/\/schillerschule.com\/#website","url":"https:\/\/schillerschule.com\/","name":"","description":"","potentialAction":[{"@type":"SearchAction","target":{"@type":"EntryPoint","urlTemplate":"https:\/\/schillerschule.com\/?s={search_term_string}"},"query-input":{"@type":"PropertyValueSpecification","valueRequired":true,"valueName":"search_term_string"}}],"inLanguage":"de"}]}},"_links":{"self":[{"href":"https:\/\/schillerschule.com\/index.php?rest_route=\/wp\/v2\/pages\/20","targetHints":{"allow":["GET"]}}],"collection":[{"href":"https:\/\/schillerschule.com\/index.php?rest_route=\/wp\/v2\/pages"}],"about":[{"href":"https:\/\/schillerschule.com\/index.php?rest_route=\/wp\/v2\/types\/page"}],"author":[{"embeddable":true,"href":"https:\/\/schillerschule.com\/index.php?rest_route=\/wp\/v2\/users\/1"}],"replies":[{"embeddable":true,"href":"https:\/\/schillerschule.com\/index.php?rest_route=%2Fwp%2Fv2%2Fcomments&post=20"}],"version-history":[{"count":167,"href":"https:\/\/schillerschule.com\/index.php?rest_route=\/wp\/v2\/pages\/20\/revisions"}],"predecessor-version":[{"id":879,"href":"https:\/\/schillerschule.com\/index.php?rest_route=\/wp\/v2\/pages\/20\/revisions\/879"}],"wp:attachment":[{"href":"https:\/\/schillerschule.com\/index.php?rest_route=%2Fwp%2Fv2%2Fmedia&parent=20"}],"curies":[{"name":"wp","href":"https:\/\/api.w.org\/{rel}","templated":true}]}}